 {"id":100,"date":"2017-10-24T19:27:24","date_gmt":"2017-10-24T21:27:24","guid":{"rendered":"https:\/\/www.dsdevelop.com.br\/?page_id=100"},"modified":"2019-02-13T17:33:18","modified_gmt":"2019-02-13T19:33:18","slug":"siog","status":"publish","type":"page","link":"https:\/\/www.dsdevelop.com.br\/index.php\/siog\/","title":{"rendered":"SIOG"},"content":{"rendered":"<p>SiOG \u00e9 um sistema desenvolvido para solucionar um problema que v\u00e1rios terminais enfrentam, a opera\u00e7\u00e3o de entrada e sa\u00edda de ve\u00edculo.<\/p>\n<p>Esta opera\u00e7\u00e3o as vezes depende de distintos sistemas, como registro de OCR, pesagem do ve\u00edculo, verifica\u00e7\u00e3o de agendamento, verifica\u00e7\u00e3o se o condutor est\u00e1 autorizado a acessar etc&#8230;<\/p>\n<p>O SiOG \u00e9 um plataforma de integra\u00e7\u00e3o com diversos sistemas (OCR, controle de acesso, agendamento, pesagem e sistema de gest\u00e3o) a finalidade principal \u00e9 trazer todas as informa\u00e7\u00f5es centralizadas em uma \u00fanica tela de opera\u00e7\u00e3o onde o operador pode acompanhar e tomar decis\u00f5es relacionadas ao acesso do ve\u00edculo no terminal.<\/p>\n","protected":false},"excerpt":{"rendered":"<p>SiOG \u00e9 um sistema desenvolvido para solucionar um problema que v\u00e1rios terminais enfrentam, a opera\u00e7\u00e3o de entrada e sa\u00edda de ve\u00edculo. Esta opera\u00e7\u00e3o as vezes depende de distintos sistemas, como registro de OCR, pesagem do ve\u00edculo, verifica\u00e7\u00e3o de agendamento, verifica\u00e7\u00e3o se o condutor est\u00e1 autorizado a acessar etc&#8230; O SiOG \u00e9 um plataforma de integra\u00e7\u00e3o [&hellip;]<\/p>\n","protected":false},"author":4,"featured_media":0,"parent":0,"menu_order":0,"comment_status":"closed","ping_status":"closed","template":"produtos_post.php","meta":{"_acf_changed":false,"footnotes":""},"class_list":["post-100","page","type-page","status-publish","hentry"],"acf":[],"yoast_head":"<!-- This site is optimized with the Yoast SEO plugin v26.8 - https:\/\/yoast.com\/product\/yoast-seo-wordpress\/ -->\n<title>DS Develop - SIOG - Sistema Integrado de Opera\u00e7\u00e3o de Gates<\/title>\n<meta name=\"description\" content=\"O SiOG \u00e9 uma plataforma de integra\u00e7\u00e3o com diversos sistemas (OCR, controle de acesso, agendamento, pesagem e sistema de gest\u00e3o) otimizando a opera\u00e7\u00e3o.\" \/>\n<meta name=\"robots\" content=\"index, follow, max-snippet:-1, max-image-preview:large, max-video-preview:-1\" \/>\n<link rel=\"canonical\" href=\"https:\/\/www.dsdevelop.com.br\/index.php\/siog\/\" \/>\n<meta property=\"og:locale\" content=\"pt_BR\" \/>\n<meta property=\"og:type\" content=\"article\" \/>\n<meta property=\"og:title\" content=\"DS Develop - SIOG - Sistema Integrado de Opera\u00e7\u00e3o de Gates\" \/>\n<meta property=\"og:description\" content=\"O SiOG \u00e9 uma plataforma de integra\u00e7\u00e3o com diversos sistemas (OCR, controle de acesso, agendamento, pesagem e sistema de gest\u00e3o) otimizando a opera\u00e7\u00e3o.\" \/>\n<meta property=\"og:url\" content=\"https:\/\/www.dsdevelop.com.br\/index.php\/siog\/\" \/>\n<meta property=\"og:site_name\" content=\"DS Develop - Sistemas Inteligentes\" \/>\n<meta property=\"article:modified_time\" content=\"2019-02-13T19:33:18+00:00\" \/>\n<meta name=\"twitter:card\" content=\"summary_large_image\" \/>\n<meta name=\"twitter:label1\" content=\"Est. tempo de leitura\" \/>\n\t<meta name=\"twitter:data1\" content=\"1 minuto\" \/>\n<script type=\"application\/ld+json\" class=\"yoast-schema-graph\">{\"@context\":\"https:\/\/schema.org\",\"@graph\":[{\"@type\":\"WebPage\",\"@id\":\"https:\/\/www.dsdevelop.com.br\/index.php\/siog\/\",\"url\":\"https:\/\/www.dsdevelop.com.br\/index.php\/siog\/\",\"name\":\"DS Develop - SIOG - Sistema Integrado de Opera\u00e7\u00e3o de Gates\",\"isPartOf\":{\"@id\":\"https:\/\/www.dsdevelop.com.br\/#website\"},\"datePublished\":\"2017-10-24T21:27:24+00:00\",\"dateModified\":\"2019-02-13T19:33:18+00:00\",\"description\":\"O SiOG \u00e9 uma plataforma de integra\u00e7\u00e3o com diversos sistemas (OCR, controle de acesso, agendamento, pesagem e sistema de gest\u00e3o) otimizando a opera\u00e7\u00e3o.\",\"breadcrumb\":{\"@id\":\"https:\/\/www.dsdevelop.com.br\/index.php\/siog\/#breadcrumb\"},\"inLanguage\":\"pt-BR\",\"potentialAction\":[{\"@type\":\"ReadAction\",\"target\":[\"https:\/\/www.dsdevelop.com.br\/index.php\/siog\/\"]}]},{\"@type\":\"BreadcrumbList\",\"@id\":\"https:\/\/www.dsdevelop.com.br\/index.php\/siog\/#breadcrumb\",\"itemListElement\":[{\"@type\":\"ListItem\",\"position\":1,\"name\":\"In\u00edcio\",\"item\":\"https:\/\/www.dsdevelop.com.br\/\"},{\"@type\":\"ListItem\",\"position\":2,\"name\":\"SIOG\"}]},{\"@type\":\"WebSite\",\"@id\":\"https:\/\/www.dsdevelop.com.br\/#website\",\"url\":\"https:\/\/www.dsdevelop.com.br\/\",\"name\":\"DS Develop - Sistemas Inteligentes\",\"description\":\"Desenvolvimento de sistemas inteligentes.\",\"publisher\":{\"@id\":\"https:\/\/www.dsdevelop.com.br\/#organization\"},\"potentialAction\":[{\"@type\":\"SearchAction\",\"target\":{\"@type\":\"EntryPoint\",\"urlTemplate\":\"https:\/\/www.dsdevelop.com.br\/?s={search_term_string}\"},\"query-input\":{\"@type\":\"PropertyValueSpecification\",\"valueRequired\":true,\"valueName\":\"search_term_string\"}}],\"inLanguage\":\"pt-BR\"},{\"@type\":\"Organization\",\"@id\":\"https:\/\/www.dsdevelop.com.br\/#organization\",\"name\":\"DS Develop - Sistemas Inteligentes\",\"url\":\"https:\/\/www.dsdevelop.com.br\/\",\"logo\":{\"@type\":\"ImageObject\",\"inLanguage\":\"pt-BR\",\"@id\":\"https:\/\/www.dsdevelop.com.br\/#\/schema\/logo\/image\/\",\"url\":\"https:\/\/www.dsdevelop.com.br\/wp-content\/uploads\/2019\/12\/logo234.png\",\"contentUrl\":\"https:\/\/www.dsdevelop.com.br\/wp-content\/uploads\/2019\/12\/logo234.png\",\"width\":190,\"height\":38,\"caption\":\"DS Develop - Sistemas Inteligentes\"},\"image\":{\"@id\":\"https:\/\/www.dsdevelop.com.br\/#\/schema\/logo\/image\/\"}}]}<\/script>\n<!-- \/ Yoast SEO plugin. -->","yoast_head_json":{"title":"DS Develop - SIOG - Sistema Integrado de Opera\u00e7\u00e3o de Gates","description":"O SiOG \u00e9 uma plataforma de integra\u00e7\u00e3o com diversos sistemas (OCR, controle de acesso, agendamento, pesagem e sistema de gest\u00e3o) otimizando a opera\u00e7\u00e3o.","robots":{"index":"index","follow":"follow","max-snippet":"max-snippet:-1","max-image-preview":"max-image-preview:large","max-video-preview":"max-video-preview:-1"},"canonical":"https:\/\/www.dsdevelop.com.br\/index.php\/siog\/","og_locale":"pt_BR","og_type":"article","og_title":"DS Develop - SIOG - Sistema Integrado de Opera\u00e7\u00e3o de Gates","og_description":"O SiOG \u00e9 uma plataforma de integra\u00e7\u00e3o com diversos sistemas (OCR, controle de acesso, agendamento, pesagem e sistema de gest\u00e3o) otimizando a opera\u00e7\u00e3o.","og_url":"https:\/\/www.dsdevelop.com.br\/index.php\/siog\/","og_site_name":"DS Develop - Sistemas Inteligentes","article_modified_time":"2019-02-13T19:33:18+00:00","twitter_card":"summary_large_image","twitter_misc":{"Est. tempo de leitura":"1 minuto"},"schema":{"@context":"https:\/\/schema.org","@graph":[{"@type":"WebPage","@id":"https:\/\/www.dsdevelop.com.br\/index.php\/siog\/","url":"https:\/\/www.dsdevelop.com.br\/index.php\/siog\/","name":"DS Develop - SIOG - Sistema Integrado de Opera\u00e7\u00e3o de Gates","isPartOf":{"@id":"https:\/\/www.dsdevelop.com.br\/#website"},"datePublished":"2017-10-24T21:27:24+00:00","dateModified":"2019-02-13T19:33:18+00:00","description":"O SiOG \u00e9 uma plataforma de integra\u00e7\u00e3o com diversos sistemas (OCR, controle de acesso, agendamento, pesagem e sistema de gest\u00e3o) otimizando a opera\u00e7\u00e3o.","breadcrumb":{"@id":"https:\/\/www.dsdevelop.com.br\/index.php\/siog\/#breadcrumb"},"inLanguage":"pt-BR","potentialAction":[{"@type":"ReadAction","target":["https:\/\/www.dsdevelop.com.br\/index.php\/siog\/"]}]},{"@type":"BreadcrumbList","@id":"https:\/\/www.dsdevelop.com.br\/index.php\/siog\/#breadcrumb","itemListElement":[{"@type":"ListItem","position":1,"name":"In\u00edcio","item":"https:\/\/www.dsdevelop.com.br\/"},{"@type":"ListItem","position":2,"name":"SIOG"}]},{"@type":"WebSite","@id":"https:\/\/www.dsdevelop.com.br\/#website","url":"https:\/\/www.dsdevelop.com.br\/","name":"DS Develop - Sistemas Inteligentes","description":"Desenvolvimento de sistemas inteligentes.","publisher":{"@id":"https:\/\/www.dsdevelop.com.br\/#organization"},"potentialAction":[{"@type":"SearchAction","target":{"@type":"EntryPoint","urlTemplate":"https:\/\/www.dsdevelop.com.br\/?s={search_term_string}"},"query-input":{"@type":"PropertyValueSpecification","valueRequired":true,"valueName":"search_term_string"}}],"inLanguage":"pt-BR"},{"@type":"Organization","@id":"https:\/\/www.dsdevelop.com.br\/#organization","name":"DS Develop - Sistemas Inteligentes","url":"https:\/\/www.dsdevelop.com.br\/","logo":{"@type":"ImageObject","inLanguage":"pt-BR","@id":"https:\/\/www.dsdevelop.com.br\/#\/schema\/logo\/image\/","url":"https:\/\/www.dsdevelop.com.br\/wp-content\/uploads\/2019\/12\/logo234.png","contentUrl":"https:\/\/www.dsdevelop.com.br\/wp-content\/uploads\/2019\/12\/logo234.png","width":190,"height":38,"caption":"DS Develop - Sistemas Inteligentes"},"image":{"@id":"https:\/\/www.dsdevelop.com.br\/#\/schema\/logo\/image\/"}}]}},"_links":{"self":[{"href":"https:\/\/www.dsdevelop.com.br\/index.php\/wp-json\/wp\/v2\/pages\/100","targetHints":{"allow":["GET"]}}],"collection":[{"href":"https:\/\/www.dsdevelop.com.br\/index.php\/wp-json\/wp\/v2\/pages"}],"about":[{"href":"https:\/\/www.dsdevelop.com.br\/index.php\/wp-json\/wp\/v2\/types\/page"}],"author":[{"embeddable":true,"href":"https:\/\/www.dsdevelop.com.br\/index.php\/wp-json\/wp\/v2\/users\/4"}],"replies":[{"embeddable":true,"href":"https:\/\/www.dsdevelop.com.br\/index.php\/wp-json\/wp\/v2\/comments?post=100"}],"version-history":[{"count":1,"href":"https:\/\/www.dsdevelop.com.br\/index.php\/wp-json\/wp\/v2\/pages\/100\/revisions"}],"predecessor-version":[{"id":105,"href":"https:\/\/www.dsdevelop.com.br\/index.php\/wp-json\/wp\/v2\/pages\/100\/revisions\/105"}],"wp:attachment":[{"href":"https:\/\/www.dsdevelop.com.br\/index.php\/wp-json\/wp\/v2\/media?parent=100"}],"curies":[{"name":"wp","href":"https:\/\/api.w.org\/{rel}","templated":true}]}}