 {"id":115,"date":"2017-10-24T19:56:50","date_gmt":"2017-10-24T21:56:50","guid":{"rendered":"https:\/\/www.dsdevelop.com.br\/?page_id=115"},"modified":"2019-02-22T16:03:58","modified_gmt":"2019-02-22T19:03:58","slug":"acs","status":"publish","type":"page","link":"https:\/\/www.dsdevelop.com.br\/index.php\/acs\/","title":{"rendered":"ACS Server"},"content":{"rendered":"<p>O ACS \u00e9 uma solu\u00e7\u00e3o de sistema de controle de acesso desenvolvida na plataforma web para atender a legisla\u00e7\u00e3o da Receita Federal Brasileira, abrangendo todos os ambientes alfandegados.<\/p>\n<p>Possui os recursos RIA (Rich Internet Application) Ajax, HTML5, JavaScript, que juntos fornecem a interface da aplica\u00e7\u00e3o com mais rapidez, seguran\u00e7a, usabilidade sem a necessidade de qualquer plugin instalado no browser do computador, al\u00e9m de ser compat\u00edvel com qualquer outro browser do mercado com suporte ao HTML5.<\/p>\n<p>O ACS \u00e9 respons\u00e1vel pela gest\u00e3o do controle de pessoas atrav\u00e9s de \u00e1reas de acesso, permitindo assim, a entrada somente de pessoas autorizadas.<\/p>\n<ul class=\"lista-topicos-produto\">\n<li>Configura\u00e7\u00e3o de cen\u00e1rio de trabalho por cadastros segmentados;<\/li>\n<li>Controles sobre data de validade do usu\u00e1rio e do cart\u00e3o;<\/li>\n<li>Controle de \u00e1rea e hor\u00e1rio permitido atrav\u00e9s do grupo de acesso;<\/li>\n<li>Controle dos tipos de combina\u00e7\u00f5es de valida\u00e7\u00e3o;<\/li>\n<li>Anti-passBack (recurso que impede dupla passagem de usu\u00e1rio com o mesmo cart\u00e3o).<\/li>\n<\/ul>\n","protected":false},"excerpt":{"rendered":"<p>O ACS \u00e9 uma solu\u00e7\u00e3o de sistema de controle de acesso desenvolvida na plataforma web para atender a legisla\u00e7\u00e3o da Receita Federal Brasileira, abrangendo todos os ambientes alfandegados. Possui os recursos RIA (Rich Internet Application) Ajax, HTML5, JavaScript, que juntos fornecem a interface da aplica\u00e7\u00e3o com mais rapidez, seguran\u00e7a, usabilidade sem a necessidade de qualquer [&hellip;]<\/p>\n","protected":false},"author":4,"featured_media":116,"parent":0,"menu_order":0,"comment_status":"closed","ping_status":"closed","template":"produtos_post.php","meta":{"_acf_changed":false,"footnotes":""},"class_list":["post-115","page","type-page","status-publish","has-post-thumbnail","hentry"],"acf":[],"yoast_head":"<!-- This site is optimized with the Yoast SEO plugin v26.8 - https:\/\/yoast.com\/product\/yoast-seo-wordpress\/ -->\n<title>ACS - DS Develop - Solu\u00e7\u00e3o em controle de acesso - Axis - Henry<\/title>\n<meta name=\"description\" content=\"O ACS \u00e9 uma solu\u00e7\u00e3o de controle de acesso de pessoas e ve\u00edculos para ambiente Corporativos, Industriais, Portu\u00e1rios, Condom\u00ednios.\" \/>\n<meta name=\"robots\" content=\"index, follow, max-snippet:-1, max-image-preview:large, max-video-preview:-1\" \/>\n<link rel=\"canonical\" href=\"https:\/\/www.dsdevelop.com.br\/index.php\/acs\/\" \/>\n<meta property=\"og:locale\" content=\"pt_BR\" \/>\n<meta property=\"og:type\" content=\"article\" \/>\n<meta property=\"og:title\" content=\"ACS - DS Develop - Solu\u00e7\u00e3o em controle de acesso - Axis - Henry\" \/>\n<meta property=\"og:description\" content=\"O ACS \u00e9 uma solu\u00e7\u00e3o de controle de acesso de pessoas e ve\u00edculos para ambiente Corporativos, Industriais, Portu\u00e1rios, Condom\u00ednios.\" \/>\n<meta property=\"og:url\" content=\"https:\/\/www.dsdevelop.com.br\/index.php\/acs\/\" \/>\n<meta property=\"og:site_name\" content=\"DS Develop - Sistemas Inteligentes\" \/>\n<meta property=\"article:modified_time\" content=\"2019-02-22T19:03:58+00:00\" \/>\n<meta property=\"og:image\" content=\"https:\/\/www.dsdevelop.com.br\/wp-content\/uploads\/2017\/10\/1-3.png\" \/>\n\t<meta property=\"og:image:width\" content=\"700\" \/>\n\t<meta property=\"og:image:height\" content=\"476\" \/>\n\t<meta property=\"og:image:type\" content=\"image\/png\" \/>\n<meta name=\"twitter:card\" content=\"summary_large_image\" \/>\n<meta name=\"twitter:label1\" content=\"Est. tempo de leitura\" \/>\n\t<meta name=\"twitter:data1\" content=\"1 minuto\" \/>\n<script type=\"application\/ld+json\" class=\"yoast-schema-graph\">{\"@context\":\"https:\/\/schema.org\",\"@graph\":[{\"@type\":\"WebPage\",\"@id\":\"https:\/\/www.dsdevelop.com.br\/index.php\/acs\/\",\"url\":\"https:\/\/www.dsdevelop.com.br\/index.php\/acs\/\",\"name\":\"ACS - DS Develop - Solu\u00e7\u00e3o em controle de acesso - Axis - Henry\",\"isPartOf\":{\"@id\":\"https:\/\/www.dsdevelop.com.br\/#website\"},\"primaryImageOfPage\":{\"@id\":\"https:\/\/www.dsdevelop.com.br\/index.php\/acs\/#primaryimage\"},\"image\":{\"@id\":\"https:\/\/www.dsdevelop.com.br\/index.php\/acs\/#primaryimage\"},\"thumbnailUrl\":\"https:\/\/www.dsdevelop.com.br\/wp-content\/uploads\/2017\/10\/1-3.png\",\"datePublished\":\"2017-10-24T21:56:50+00:00\",\"dateModified\":\"2019-02-22T19:03:58+00:00\",\"description\":\"O ACS \u00e9 uma solu\u00e7\u00e3o de controle de acesso de pessoas e ve\u00edculos para ambiente Corporativos, Industriais, Portu\u00e1rios, Condom\u00ednios.\",\"breadcrumb\":{\"@id\":\"https:\/\/www.dsdevelop.com.br\/index.php\/acs\/#breadcrumb\"},\"inLanguage\":\"pt-BR\",\"potentialAction\":[{\"@type\":\"ReadAction\",\"target\":[\"https:\/\/www.dsdevelop.com.br\/index.php\/acs\/\"]}]},{\"@type\":\"ImageObject\",\"inLanguage\":\"pt-BR\",\"@id\":\"https:\/\/www.dsdevelop.com.br\/index.php\/acs\/#primaryimage\",\"url\":\"https:\/\/www.dsdevelop.com.br\/wp-content\/uploads\/2017\/10\/1-3.png\",\"contentUrl\":\"https:\/\/www.dsdevelop.com.br\/wp-content\/uploads\/2017\/10\/1-3.png\",\"width\":700,\"height\":476},{\"@type\":\"BreadcrumbList\",\"@id\":\"https:\/\/www.dsdevelop.com.br\/index.php\/acs\/#breadcrumb\",\"itemListElement\":[{\"@type\":\"ListItem\",\"position\":1,\"name\":\"In\u00edcio\",\"item\":\"https:\/\/www.dsdevelop.com.br\/\"},{\"@type\":\"ListItem\",\"position\":2,\"name\":\"ACS Server\"}]},{\"@type\":\"WebSite\",\"@id\":\"https:\/\/www.dsdevelop.com.br\/#website\",\"url\":\"https:\/\/www.dsdevelop.com.br\/\",\"name\":\"DS Develop - Sistemas Inteligentes\",\"description\":\"Desenvolvimento de sistemas inteligentes.\",\"publisher\":{\"@id\":\"https:\/\/www.dsdevelop.com.br\/#organization\"},\"potentialAction\":[{\"@type\":\"SearchAction\",\"target\":{\"@type\":\"EntryPoint\",\"urlTemplate\":\"https:\/\/www.dsdevelop.com.br\/?s={search_term_string}\"},\"query-input\":{\"@type\":\"PropertyValueSpecification\",\"valueRequired\":true,\"valueName\":\"search_term_string\"}}],\"inLanguage\":\"pt-BR\"},{\"@type\":\"Organization\",\"@id\":\"https:\/\/www.dsdevelop.com.br\/#organization\",\"name\":\"DS Develop - Sistemas Inteligentes\",\"url\":\"https:\/\/www.dsdevelop.com.br\/\",\"logo\":{\"@type\":\"ImageObject\",\"inLanguage\":\"pt-BR\",\"@id\":\"https:\/\/www.dsdevelop.com.br\/#\/schema\/logo\/image\/\",\"url\":\"https:\/\/www.dsdevelop.com.br\/wp-content\/uploads\/2019\/12\/logo234.png\",\"contentUrl\":\"https:\/\/www.dsdevelop.com.br\/wp-content\/uploads\/2019\/12\/logo234.png\",\"width\":190,\"height\":38,\"caption\":\"DS Develop - Sistemas Inteligentes\"},\"image\":{\"@id\":\"https:\/\/www.dsdevelop.com.br\/#\/schema\/logo\/image\/\"}}]}<\/script>\n<!-- \/ Yoast SEO plugin. -->","yoast_head_json":{"title":"ACS - DS Develop - Solu\u00e7\u00e3o em controle de acesso - Axis - Henry","description":"O ACS \u00e9 uma solu\u00e7\u00e3o de controle de acesso de pessoas e ve\u00edculos para ambiente Corporativos, Industriais, Portu\u00e1rios, Condom\u00ednios.","robots":{"index":"index","follow":"follow","max-snippet":"max-snippet:-1","max-image-preview":"max-image-preview:large","max-video-preview":"max-video-preview:-1"},"canonical":"https:\/\/www.dsdevelop.com.br\/index.php\/acs\/","og_locale":"pt_BR","og_type":"article","og_title":"ACS - DS Develop - Solu\u00e7\u00e3o em controle de acesso - Axis - Henry","og_description":"O ACS \u00e9 uma solu\u00e7\u00e3o de controle de acesso de pessoas e ve\u00edculos para ambiente Corporativos, Industriais, Portu\u00e1rios, Condom\u00ednios.","og_url":"https:\/\/www.dsdevelop.com.br\/index.php\/acs\/","og_site_name":"DS Develop - Sistemas Inteligentes","article_modified_time":"2019-02-22T19:03:58+00:00","og_image":[{"width":700,"height":476,"url":"https:\/\/www.dsdevelop.com.br\/wp-content\/uploads\/2017\/10\/1-3.png","type":"image\/png"}],"twitter_card":"summary_large_image","twitter_misc":{"Est. tempo de leitura":"1 minuto"},"schema":{"@context":"https:\/\/schema.org","@graph":[{"@type":"WebPage","@id":"https:\/\/www.dsdevelop.com.br\/index.php\/acs\/","url":"https:\/\/www.dsdevelop.com.br\/index.php\/acs\/","name":"ACS - DS Develop - Solu\u00e7\u00e3o em controle de acesso - Axis - Henry","isPartOf":{"@id":"https:\/\/www.dsdevelop.com.br\/#website"},"primaryImageOfPage":{"@id":"https:\/\/www.dsdevelop.com.br\/index.php\/acs\/#primaryimage"},"image":{"@id":"https:\/\/www.dsdevelop.com.br\/index.php\/acs\/#primaryimage"},"thumbnailUrl":"https:\/\/www.dsdevelop.com.br\/wp-content\/uploads\/2017\/10\/1-3.png","datePublished":"2017-10-24T21:56:50+00:00","dateModified":"2019-02-22T19:03:58+00:00","description":"O ACS \u00e9 uma solu\u00e7\u00e3o de controle de acesso de pessoas e ve\u00edculos para ambiente Corporativos, Industriais, Portu\u00e1rios, Condom\u00ednios.","breadcrumb":{"@id":"https:\/\/www.dsdevelop.com.br\/index.php\/acs\/#breadcrumb"},"inLanguage":"pt-BR","potentialAction":[{"@type":"ReadAction","target":["https:\/\/www.dsdevelop.com.br\/index.php\/acs\/"]}]},{"@type":"ImageObject","inLanguage":"pt-BR","@id":"https:\/\/www.dsdevelop.com.br\/index.php\/acs\/#primaryimage","url":"https:\/\/www.dsdevelop.com.br\/wp-content\/uploads\/2017\/10\/1-3.png","contentUrl":"https:\/\/www.dsdevelop.com.br\/wp-content\/uploads\/2017\/10\/1-3.png","width":700,"height":476},{"@type":"BreadcrumbList","@id":"https:\/\/www.dsdevelop.com.br\/index.php\/acs\/#breadcrumb","itemListElement":[{"@type":"ListItem","position":1,"name":"In\u00edcio","item":"https:\/\/www.dsdevelop.com.br\/"},{"@type":"ListItem","position":2,"name":"ACS Server"}]},{"@type":"WebSite","@id":"https:\/\/www.dsdevelop.com.br\/#website","url":"https:\/\/www.dsdevelop.com.br\/","name":"DS Develop - Sistemas Inteligentes","description":"Desenvolvimento de sistemas inteligentes.","publisher":{"@id":"https:\/\/www.dsdevelop.com.br\/#organization"},"potentialAction":[{"@type":"SearchAction","target":{"@type":"EntryPoint","urlTemplate":"https:\/\/www.dsdevelop.com.br\/?s={search_term_string}"},"query-input":{"@type":"PropertyValueSpecification","valueRequired":true,"valueName":"search_term_string"}}],"inLanguage":"pt-BR"},{"@type":"Organization","@id":"https:\/\/www.dsdevelop.com.br\/#organization","name":"DS Develop - Sistemas Inteligentes","url":"https:\/\/www.dsdevelop.com.br\/","logo":{"@type":"ImageObject","inLanguage":"pt-BR","@id":"https:\/\/www.dsdevelop.com.br\/#\/schema\/logo\/image\/","url":"https:\/\/www.dsdevelop.com.br\/wp-content\/uploads\/2019\/12\/logo234.png","contentUrl":"https:\/\/www.dsdevelop.com.br\/wp-content\/uploads\/2019\/12\/logo234.png","width":190,"height":38,"caption":"DS Develop - Sistemas Inteligentes"},"image":{"@id":"https:\/\/www.dsdevelop.com.br\/#\/schema\/logo\/image\/"}}]}},"_links":{"self":[{"href":"https:\/\/www.dsdevelop.com.br\/index.php\/wp-json\/wp\/v2\/pages\/115","targetHints":{"allow":["GET"]}}],"collection":[{"href":"https:\/\/www.dsdevelop.com.br\/index.php\/wp-json\/wp\/v2\/pages"}],"about":[{"href":"https:\/\/www.dsdevelop.com.br\/index.php\/wp-json\/wp\/v2\/types\/page"}],"author":[{"embeddable":true,"href":"https:\/\/www.dsdevelop.com.br\/index.php\/wp-json\/wp\/v2\/users\/4"}],"replies":[{"embeddable":true,"href":"https:\/\/www.dsdevelop.com.br\/index.php\/wp-json\/wp\/v2\/comments?post=115"}],"version-history":[{"count":5,"href":"https:\/\/www.dsdevelop.com.br\/index.php\/wp-json\/wp\/v2\/pages\/115\/revisions"}],"predecessor-version":[{"id":1716,"href":"https:\/\/www.dsdevelop.com.br\/index.php\/wp-json\/wp\/v2\/pages\/115\/revisions\/1716"}],"wp:featuredmedia":[{"embeddable":true,"href":"https:\/\/www.dsdevelop.com.br\/index.php\/wp-json\/wp\/v2\/media\/116"}],"wp:attachment":[{"href":"https:\/\/www.dsdevelop.com.br\/index.php\/wp-json\/wp\/v2\/media?parent=115"}],"curies":[{"name":"wp","href":"https:\/\/api.w.org\/{rel}","templated":true}]}}