 {"id":125,"date":"2017-10-24T19:58:51","date_gmt":"2017-10-24T21:58:51","guid":{"rendered":"https:\/\/www.dsdevelop.com.br\/?page_id=125"},"modified":"2019-02-13T17:38:52","modified_gmt":"2019-02-13T19:38:52","slug":"oss","status":"publish","type":"page","link":"https:\/\/www.dsdevelop.com.br\/index.php\/oss\/","title":{"rendered":"OSS"},"content":{"rendered":"<p>O OSS \u00e9 um sistema para automatizar o gerenciamento de ordens de servi\u00e7o. Oferecemos solu\u00e7\u00f5es online para a emiss\u00e3o da ordem de servi\u00e7o para cada cliente. Isso facilita, agiliza e assegura o processo de atendimento.<\/p>\n<ul>\n<li>Interface Web que permite o cadastramento de novos operadores e clientes;<\/li>\n<li>Gera\u00e7\u00e3o de relat\u00f3rios dos atendimentos realizados por filtros (per\u00edodo, t\u00e9cnico, cliente e outros);<\/li>\n<li>Agilidade no processo da cria\u00e7\u00e3o das ordens de servi\u00e7o;<\/li>\n<li>Garantia da integridade dos dados enviados para o servidor em tempo real;<\/li>\n<li>Possibilidade de utilizar um dispositivo m\u00f3vel (smartphone ou tablet) com plataformas IOS ou Android para cadastrar ordens de servi\u00e7o.<\/li>\n<\/ul>\n","protected":false},"excerpt":{"rendered":"<p>O OSS \u00e9 um sistema para automatizar o gerenciamento de ordens de servi\u00e7o. Oferecemos solu\u00e7\u00f5es online para a emiss\u00e3o da ordem de servi\u00e7o para cada cliente. Isso facilita, agiliza e assegura o processo de atendimento. Interface Web que permite o cadastramento de novos operadores e clientes; Gera\u00e7\u00e3o de relat\u00f3rios dos atendimentos realizados por filtros (per\u00edodo, [&hellip;]<\/p>\n","protected":false},"author":4,"featured_media":0,"parent":0,"menu_order":0,"comment_status":"closed","ping_status":"closed","template":"produtos_post.php","meta":{"_acf_changed":false,"footnotes":""},"class_list":["post-125","page","type-page","status-publish","hentry"],"acf":[],"yoast_head":"<!-- This site is optimized with the Yoast SEO plugin v26.8 - https:\/\/yoast.com\/product\/yoast-seo-wordpress\/ -->\n<title>DS Develop - OSS - Sistema de ordem de servi\u00e7os tecnicos<\/title>\n<meta name=\"description\" content=\"O OSS \u00e9 um sistema para automatizar o gerenciamento de ordens de servi\u00e7o. Oferecemos solu\u00e7\u00f5es online para a emiss\u00e3o da ordem de servi\u00e7o para cada cliente.\" \/>\n<meta name=\"robots\" content=\"index, follow, max-snippet:-1, max-image-preview:large, max-video-preview:-1\" \/>\n<link rel=\"canonical\" href=\"https:\/\/www.dsdevelop.com.br\/index.php\/oss\/\" \/>\n<meta property=\"og:locale\" content=\"pt_BR\" \/>\n<meta property=\"og:type\" content=\"article\" \/>\n<meta property=\"og:title\" content=\"DS Develop - OSS - Sistema de ordem de servi\u00e7os tecnicos\" \/>\n<meta property=\"og:description\" content=\"O OSS \u00e9 um sistema para automatizar o gerenciamento de ordens de servi\u00e7o. Oferecemos solu\u00e7\u00f5es online para a emiss\u00e3o da ordem de servi\u00e7o para cada cliente.\" \/>\n<meta property=\"og:url\" content=\"https:\/\/www.dsdevelop.com.br\/index.php\/oss\/\" \/>\n<meta property=\"og:site_name\" content=\"DS Develop - Sistemas Inteligentes\" \/>\n<meta property=\"article:modified_time\" content=\"2019-02-13T19:38:52+00:00\" \/>\n<meta name=\"twitter:card\" content=\"summary_large_image\" \/>\n<meta name=\"twitter:label1\" content=\"Est. tempo de leitura\" \/>\n\t<meta name=\"twitter:data1\" content=\"1 minuto\" \/>\n<script type=\"application\/ld+json\" class=\"yoast-schema-graph\">{\"@context\":\"https:\/\/schema.org\",\"@graph\":[{\"@type\":\"WebPage\",\"@id\":\"https:\/\/www.dsdevelop.com.br\/index.php\/oss\/\",\"url\":\"https:\/\/www.dsdevelop.com.br\/index.php\/oss\/\",\"name\":\"DS Develop - OSS - Sistema de ordem de servi\u00e7os tecnicos\",\"isPartOf\":{\"@id\":\"https:\/\/www.dsdevelop.com.br\/#website\"},\"datePublished\":\"2017-10-24T21:58:51+00:00\",\"dateModified\":\"2019-02-13T19:38:52+00:00\",\"description\":\"O OSS \u00e9 um sistema para automatizar o gerenciamento de ordens de servi\u00e7o. Oferecemos solu\u00e7\u00f5es online para a emiss\u00e3o da ordem de servi\u00e7o para cada cliente.\",\"breadcrumb\":{\"@id\":\"https:\/\/www.dsdevelop.com.br\/index.php\/oss\/#breadcrumb\"},\"inLanguage\":\"pt-BR\",\"potentialAction\":[{\"@type\":\"ReadAction\",\"target\":[\"https:\/\/www.dsdevelop.com.br\/index.php\/oss\/\"]}]},{\"@type\":\"BreadcrumbList\",\"@id\":\"https:\/\/www.dsdevelop.com.br\/index.php\/oss\/#breadcrumb\",\"itemListElement\":[{\"@type\":\"ListItem\",\"position\":1,\"name\":\"In\u00edcio\",\"item\":\"https:\/\/www.dsdevelop.com.br\/\"},{\"@type\":\"ListItem\",\"position\":2,\"name\":\"OSS\"}]},{\"@type\":\"WebSite\",\"@id\":\"https:\/\/www.dsdevelop.com.br\/#website\",\"url\":\"https:\/\/www.dsdevelop.com.br\/\",\"name\":\"DS Develop - Sistemas Inteligentes\",\"description\":\"Desenvolvimento de sistemas inteligentes.\",\"publisher\":{\"@id\":\"https:\/\/www.dsdevelop.com.br\/#organization\"},\"potentialAction\":[{\"@type\":\"SearchAction\",\"target\":{\"@type\":\"EntryPoint\",\"urlTemplate\":\"https:\/\/www.dsdevelop.com.br\/?s={search_term_string}\"},\"query-input\":{\"@type\":\"PropertyValueSpecification\",\"valueRequired\":true,\"valueName\":\"search_term_string\"}}],\"inLanguage\":\"pt-BR\"},{\"@type\":\"Organization\",\"@id\":\"https:\/\/www.dsdevelop.com.br\/#organization\",\"name\":\"DS Develop - Sistemas Inteligentes\",\"url\":\"https:\/\/www.dsdevelop.com.br\/\",\"logo\":{\"@type\":\"ImageObject\",\"inLanguage\":\"pt-BR\",\"@id\":\"https:\/\/www.dsdevelop.com.br\/#\/schema\/logo\/image\/\",\"url\":\"https:\/\/www.dsdevelop.com.br\/wp-content\/uploads\/2019\/12\/logo234.png\",\"contentUrl\":\"https:\/\/www.dsdevelop.com.br\/wp-content\/uploads\/2019\/12\/logo234.png\",\"width\":190,\"height\":38,\"caption\":\"DS Develop - Sistemas Inteligentes\"},\"image\":{\"@id\":\"https:\/\/www.dsdevelop.com.br\/#\/schema\/logo\/image\/\"}}]}<\/script>\n<!-- \/ Yoast SEO plugin. -->","yoast_head_json":{"title":"DS Develop - OSS - Sistema de ordem de servi\u00e7os tecnicos","description":"O OSS \u00e9 um sistema para automatizar o gerenciamento de ordens de servi\u00e7o. Oferecemos solu\u00e7\u00f5es online para a emiss\u00e3o da ordem de servi\u00e7o para cada cliente.","robots":{"index":"index","follow":"follow","max-snippet":"max-snippet:-1","max-image-preview":"max-image-preview:large","max-video-preview":"max-video-preview:-1"},"canonical":"https:\/\/www.dsdevelop.com.br\/index.php\/oss\/","og_locale":"pt_BR","og_type":"article","og_title":"DS Develop - OSS - Sistema de ordem de servi\u00e7os tecnicos","og_description":"O OSS \u00e9 um sistema para automatizar o gerenciamento de ordens de servi\u00e7o. Oferecemos solu\u00e7\u00f5es online para a emiss\u00e3o da ordem de servi\u00e7o para cada cliente.","og_url":"https:\/\/www.dsdevelop.com.br\/index.php\/oss\/","og_site_name":"DS Develop - Sistemas Inteligentes","article_modified_time":"2019-02-13T19:38:52+00:00","twitter_card":"summary_large_image","twitter_misc":{"Est. tempo de leitura":"1 minuto"},"schema":{"@context":"https:\/\/schema.org","@graph":[{"@type":"WebPage","@id":"https:\/\/www.dsdevelop.com.br\/index.php\/oss\/","url":"https:\/\/www.dsdevelop.com.br\/index.php\/oss\/","name":"DS Develop - OSS - Sistema de ordem de servi\u00e7os tecnicos","isPartOf":{"@id":"https:\/\/www.dsdevelop.com.br\/#website"},"datePublished":"2017-10-24T21:58:51+00:00","dateModified":"2019-02-13T19:38:52+00:00","description":"O OSS \u00e9 um sistema para automatizar o gerenciamento de ordens de servi\u00e7o. Oferecemos solu\u00e7\u00f5es online para a emiss\u00e3o da ordem de servi\u00e7o para cada cliente.","breadcrumb":{"@id":"https:\/\/www.dsdevelop.com.br\/index.php\/oss\/#breadcrumb"},"inLanguage":"pt-BR","potentialAction":[{"@type":"ReadAction","target":["https:\/\/www.dsdevelop.com.br\/index.php\/oss\/"]}]},{"@type":"BreadcrumbList","@id":"https:\/\/www.dsdevelop.com.br\/index.php\/oss\/#breadcrumb","itemListElement":[{"@type":"ListItem","position":1,"name":"In\u00edcio","item":"https:\/\/www.dsdevelop.com.br\/"},{"@type":"ListItem","position":2,"name":"OSS"}]},{"@type":"WebSite","@id":"https:\/\/www.dsdevelop.com.br\/#website","url":"https:\/\/www.dsdevelop.com.br\/","name":"DS Develop - Sistemas Inteligentes","description":"Desenvolvimento de sistemas inteligentes.","publisher":{"@id":"https:\/\/www.dsdevelop.com.br\/#organization"},"potentialAction":[{"@type":"SearchAction","target":{"@type":"EntryPoint","urlTemplate":"https:\/\/www.dsdevelop.com.br\/?s={search_term_string}"},"query-input":{"@type":"PropertyValueSpecification","valueRequired":true,"valueName":"search_term_string"}}],"inLanguage":"pt-BR"},{"@type":"Organization","@id":"https:\/\/www.dsdevelop.com.br\/#organization","name":"DS Develop - Sistemas Inteligentes","url":"https:\/\/www.dsdevelop.com.br\/","logo":{"@type":"ImageObject","inLanguage":"pt-BR","@id":"https:\/\/www.dsdevelop.com.br\/#\/schema\/logo\/image\/","url":"https:\/\/www.dsdevelop.com.br\/wp-content\/uploads\/2019\/12\/logo234.png","contentUrl":"https:\/\/www.dsdevelop.com.br\/wp-content\/uploads\/2019\/12\/logo234.png","width":190,"height":38,"caption":"DS Develop - Sistemas Inteligentes"},"image":{"@id":"https:\/\/www.dsdevelop.com.br\/#\/schema\/logo\/image\/"}}]}},"_links":{"self":[{"href":"https:\/\/www.dsdevelop.com.br\/index.php\/wp-json\/wp\/v2\/pages\/125","targetHints":{"allow":["GET"]}}],"collection":[{"href":"https:\/\/www.dsdevelop.com.br\/index.php\/wp-json\/wp\/v2\/pages"}],"about":[{"href":"https:\/\/www.dsdevelop.com.br\/index.php\/wp-json\/wp\/v2\/types\/page"}],"author":[{"embeddable":true,"href":"https:\/\/www.dsdevelop.com.br\/index.php\/wp-json\/wp\/v2\/users\/4"}],"replies":[{"embeddable":true,"href":"https:\/\/www.dsdevelop.com.br\/index.php\/wp-json\/wp\/v2\/comments?post=125"}],"version-history":[{"count":1,"href":"https:\/\/www.dsdevelop.com.br\/index.php\/wp-json\/wp\/v2\/pages\/125\/revisions"}],"predecessor-version":[{"id":129,"href":"https:\/\/www.dsdevelop.com.br\/index.php\/wp-json\/wp\/v2\/pages\/125\/revisions\/129"}],"wp:attachment":[{"href":"https:\/\/www.dsdevelop.com.br\/index.php\/wp-json\/wp\/v2\/media?parent=125"}],"curies":[{"name":"wp","href":"https:\/\/api.w.org\/{rel}","templated":true}]}}