 {"id":131,"date":"2017-10-24T20:00:47","date_gmt":"2017-10-24T22:00:47","guid":{"rendered":"https:\/\/www.dsdevelop.com.br\/?page_id=131"},"modified":"2019-02-13T19:20:26","modified_gmt":"2019-02-13T21:20:26","slug":"surveillance","status":"publish","type":"page","link":"https:\/\/www.dsdevelop.com.br\/index.php\/surveillance\/","title":{"rendered":"Surveillance"},"content":{"rendered":"<p>O sistema trabalha com o monitoramento de riscos atrav\u00e9s de um mecanismo automatizado de intelig\u00eancia que analisa, controla e registra grande quantidade de dados referentes ao comportamento dos ve\u00edculos que transitam em vias e estradas, afim de identificar suspeitos e controlar o tr\u00e1fego. O mecanismo tamb\u00e9m possibilita que ve\u00edculos com irregularidades na documenta\u00e7\u00e3o ou roubados sejam identificados.<\/p>\n<ul>\n<li>Projetado para integrar com sistemas municipais de controle de ve\u00edculos e DETRAN;<\/li>\n<li>Reconhecimento \u00f3tico de caracteres da placa, mesmo com o ve\u00edculo em movimento;<\/li>\n<li>Gr\u00e1ficos e relat\u00f3rios personalizados;<\/li>\n<li>An\u00e1lise autom\u00e1tica do perfil de cada ve\u00edculo;<\/li>\n<li>Busca autom\u00e1tica de restri\u00e7\u00f5es e ocorr\u00eancias.<\/li>\n<\/ul>\n","protected":false},"excerpt":{"rendered":"<p>O sistema trabalha com o monitoramento de riscos atrav\u00e9s de um mecanismo automatizado de intelig\u00eancia que analisa, controla e registra grande quantidade de dados referentes ao comportamento dos ve\u00edculos que transitam em vias e estradas, afim de identificar suspeitos e controlar o tr\u00e1fego. O mecanismo tamb\u00e9m possibilita que ve\u00edculos com irregularidades na documenta\u00e7\u00e3o ou roubados [&hellip;]<\/p>\n","protected":false},"author":4,"featured_media":0,"parent":0,"menu_order":0,"comment_status":"closed","ping_status":"closed","template":"produtos_post.php","meta":{"_acf_changed":false,"footnotes":""},"class_list":["post-131","page","type-page","status-publish","hentry"],"acf":[],"yoast_head":"<!-- This site is optimized with the Yoast SEO plugin v26.8 - https:\/\/yoast.com\/product\/yoast-seo-wordpress\/ -->\n<title>Seguran\u00e7a para Cidades - DS Develop - Surveillance<\/title>\n<meta name=\"description\" content=\"Seguran\u00e7a para cidades, monitoramento de riscos atrav\u00e9s de um mecanismo automatizado de intelig\u00eancia que analisa, controla e registra grande quantidade de dados referentes ao comportamento dos ve\u00edculos que transitam em vias e estradas.\" \/>\n<meta name=\"robots\" content=\"index, follow, max-snippet:-1, max-image-preview:large, max-video-preview:-1\" \/>\n<link rel=\"canonical\" href=\"https:\/\/www.dsdevelop.com.br\/index.php\/surveillance\/\" \/>\n<meta property=\"og:locale\" content=\"pt_BR\" \/>\n<meta property=\"og:type\" content=\"article\" \/>\n<meta property=\"og:title\" content=\"Seguran\u00e7a para Cidades - DS Develop - Surveillance\" \/>\n<meta property=\"og:description\" content=\"Seguran\u00e7a para cidades, monitoramento de riscos atrav\u00e9s de um mecanismo automatizado de intelig\u00eancia que analisa, controla e registra grande quantidade de dados referentes ao comportamento dos ve\u00edculos que transitam em vias e estradas.\" \/>\n<meta property=\"og:url\" content=\"https:\/\/www.dsdevelop.com.br\/index.php\/surveillance\/\" \/>\n<meta property=\"og:site_name\" content=\"DS Develop - Sistemas Inteligentes\" \/>\n<meta property=\"article:modified_time\" content=\"2019-02-13T21:20:26+00:00\" \/>\n<meta name=\"twitter:card\" content=\"summary_large_image\" \/>\n<meta name=\"twitter:label1\" content=\"Est. tempo de leitura\" \/>\n\t<meta name=\"twitter:data1\" content=\"1 minuto\" \/>\n<script type=\"application\/ld+json\" class=\"yoast-schema-graph\">{\"@context\":\"https:\/\/schema.org\",\"@graph\":[{\"@type\":\"WebPage\",\"@id\":\"https:\/\/www.dsdevelop.com.br\/index.php\/surveillance\/\",\"url\":\"https:\/\/www.dsdevelop.com.br\/index.php\/surveillance\/\",\"name\":\"Seguran\u00e7a para Cidades - DS Develop - Surveillance\",\"isPartOf\":{\"@id\":\"https:\/\/www.dsdevelop.com.br\/#website\"},\"datePublished\":\"2017-10-24T22:00:47+00:00\",\"dateModified\":\"2019-02-13T21:20:26+00:00\",\"description\":\"Seguran\u00e7a para cidades, monitoramento de riscos atrav\u00e9s de um mecanismo automatizado de intelig\u00eancia que analisa, controla e registra grande quantidade de dados referentes ao comportamento dos ve\u00edculos que transitam em vias e estradas.\",\"breadcrumb\":{\"@id\":\"https:\/\/www.dsdevelop.com.br\/index.php\/surveillance\/#breadcrumb\"},\"inLanguage\":\"pt-BR\",\"potentialAction\":[{\"@type\":\"ReadAction\",\"target\":[\"https:\/\/www.dsdevelop.com.br\/index.php\/surveillance\/\"]}]},{\"@type\":\"BreadcrumbList\",\"@id\":\"https:\/\/www.dsdevelop.com.br\/index.php\/surveillance\/#breadcrumb\",\"itemListElement\":[{\"@type\":\"ListItem\",\"position\":1,\"name\":\"In\u00edcio\",\"item\":\"https:\/\/www.dsdevelop.com.br\/\"},{\"@type\":\"ListItem\",\"position\":2,\"name\":\"Surveillance\"}]},{\"@type\":\"WebSite\",\"@id\":\"https:\/\/www.dsdevelop.com.br\/#website\",\"url\":\"https:\/\/www.dsdevelop.com.br\/\",\"name\":\"DS Develop - Sistemas Inteligentes\",\"description\":\"Desenvolvimento de sistemas inteligentes.\",\"publisher\":{\"@id\":\"https:\/\/www.dsdevelop.com.br\/#organization\"},\"potentialAction\":[{\"@type\":\"SearchAction\",\"target\":{\"@type\":\"EntryPoint\",\"urlTemplate\":\"https:\/\/www.dsdevelop.com.br\/?s={search_term_string}\"},\"query-input\":{\"@type\":\"PropertyValueSpecification\",\"valueRequired\":true,\"valueName\":\"search_term_string\"}}],\"inLanguage\":\"pt-BR\"},{\"@type\":\"Organization\",\"@id\":\"https:\/\/www.dsdevelop.com.br\/#organization\",\"name\":\"DS Develop - Sistemas Inteligentes\",\"url\":\"https:\/\/www.dsdevelop.com.br\/\",\"logo\":{\"@type\":\"ImageObject\",\"inLanguage\":\"pt-BR\",\"@id\":\"https:\/\/www.dsdevelop.com.br\/#\/schema\/logo\/image\/\",\"url\":\"https:\/\/www.dsdevelop.com.br\/wp-content\/uploads\/2019\/12\/logo234.png\",\"contentUrl\":\"https:\/\/www.dsdevelop.com.br\/wp-content\/uploads\/2019\/12\/logo234.png\",\"width\":190,\"height\":38,\"caption\":\"DS Develop - Sistemas Inteligentes\"},\"image\":{\"@id\":\"https:\/\/www.dsdevelop.com.br\/#\/schema\/logo\/image\/\"}}]}<\/script>\n<!-- \/ Yoast SEO plugin. -->","yoast_head_json":{"title":"Seguran\u00e7a para Cidades - DS Develop - Surveillance","description":"Seguran\u00e7a para cidades, monitoramento de riscos atrav\u00e9s de um mecanismo automatizado de intelig\u00eancia que analisa, controla e registra grande quantidade de dados referentes ao comportamento dos ve\u00edculos que transitam em vias e estradas.","robots":{"index":"index","follow":"follow","max-snippet":"max-snippet:-1","max-image-preview":"max-image-preview:large","max-video-preview":"max-video-preview:-1"},"canonical":"https:\/\/www.dsdevelop.com.br\/index.php\/surveillance\/","og_locale":"pt_BR","og_type":"article","og_title":"Seguran\u00e7a para Cidades - DS Develop - Surveillance","og_description":"Seguran\u00e7a para cidades, monitoramento de riscos atrav\u00e9s de um mecanismo automatizado de intelig\u00eancia que analisa, controla e registra grande quantidade de dados referentes ao comportamento dos ve\u00edculos que transitam em vias e estradas.","og_url":"https:\/\/www.dsdevelop.com.br\/index.php\/surveillance\/","og_site_name":"DS Develop - Sistemas Inteligentes","article_modified_time":"2019-02-13T21:20:26+00:00","twitter_card":"summary_large_image","twitter_misc":{"Est. tempo de leitura":"1 minuto"},"schema":{"@context":"https:\/\/schema.org","@graph":[{"@type":"WebPage","@id":"https:\/\/www.dsdevelop.com.br\/index.php\/surveillance\/","url":"https:\/\/www.dsdevelop.com.br\/index.php\/surveillance\/","name":"Seguran\u00e7a para Cidades - DS Develop - Surveillance","isPartOf":{"@id":"https:\/\/www.dsdevelop.com.br\/#website"},"datePublished":"2017-10-24T22:00:47+00:00","dateModified":"2019-02-13T21:20:26+00:00","description":"Seguran\u00e7a para cidades, monitoramento de riscos atrav\u00e9s de um mecanismo automatizado de intelig\u00eancia que analisa, controla e registra grande quantidade de dados referentes ao comportamento dos ve\u00edculos que transitam em vias e estradas.","breadcrumb":{"@id":"https:\/\/www.dsdevelop.com.br\/index.php\/surveillance\/#breadcrumb"},"inLanguage":"pt-BR","potentialAction":[{"@type":"ReadAction","target":["https:\/\/www.dsdevelop.com.br\/index.php\/surveillance\/"]}]},{"@type":"BreadcrumbList","@id":"https:\/\/www.dsdevelop.com.br\/index.php\/surveillance\/#breadcrumb","itemListElement":[{"@type":"ListItem","position":1,"name":"In\u00edcio","item":"https:\/\/www.dsdevelop.com.br\/"},{"@type":"ListItem","position":2,"name":"Surveillance"}]},{"@type":"WebSite","@id":"https:\/\/www.dsdevelop.com.br\/#website","url":"https:\/\/www.dsdevelop.com.br\/","name":"DS Develop - Sistemas Inteligentes","description":"Desenvolvimento de sistemas inteligentes.","publisher":{"@id":"https:\/\/www.dsdevelop.com.br\/#organization"},"potentialAction":[{"@type":"SearchAction","target":{"@type":"EntryPoint","urlTemplate":"https:\/\/www.dsdevelop.com.br\/?s={search_term_string}"},"query-input":{"@type":"PropertyValueSpecification","valueRequired":true,"valueName":"search_term_string"}}],"inLanguage":"pt-BR"},{"@type":"Organization","@id":"https:\/\/www.dsdevelop.com.br\/#organization","name":"DS Develop - Sistemas Inteligentes","url":"https:\/\/www.dsdevelop.com.br\/","logo":{"@type":"ImageObject","inLanguage":"pt-BR","@id":"https:\/\/www.dsdevelop.com.br\/#\/schema\/logo\/image\/","url":"https:\/\/www.dsdevelop.com.br\/wp-content\/uploads\/2019\/12\/logo234.png","contentUrl":"https:\/\/www.dsdevelop.com.br\/wp-content\/uploads\/2019\/12\/logo234.png","width":190,"height":38,"caption":"DS Develop - Sistemas Inteligentes"},"image":{"@id":"https:\/\/www.dsdevelop.com.br\/#\/schema\/logo\/image\/"}}]}},"_links":{"self":[{"href":"https:\/\/www.dsdevelop.com.br\/index.php\/wp-json\/wp\/v2\/pages\/131","targetHints":{"allow":["GET"]}}],"collection":[{"href":"https:\/\/www.dsdevelop.com.br\/index.php\/wp-json\/wp\/v2\/pages"}],"about":[{"href":"https:\/\/www.dsdevelop.com.br\/index.php\/wp-json\/wp\/v2\/types\/page"}],"author":[{"embeddable":true,"href":"https:\/\/www.dsdevelop.com.br\/index.php\/wp-json\/wp\/v2\/users\/4"}],"replies":[{"embeddable":true,"href":"https:\/\/www.dsdevelop.com.br\/index.php\/wp-json\/wp\/v2\/comments?post=131"}],"version-history":[{"count":1,"href":"https:\/\/www.dsdevelop.com.br\/index.php\/wp-json\/wp\/v2\/pages\/131\/revisions"}],"predecessor-version":[{"id":140,"href":"https:\/\/www.dsdevelop.com.br\/index.php\/wp-json\/wp\/v2\/pages\/131\/revisions\/140"}],"wp:attachment":[{"href":"https:\/\/www.dsdevelop.com.br\/index.php\/wp-json\/wp\/v2\/media?parent=131"}],"curies":[{"name":"wp","href":"https:\/\/api.w.org\/{rel}","templated":true}]}}