 {"id":1806,"date":"2019-04-05T16:29:00","date_gmt":"2019-04-05T19:29:00","guid":{"rendered":"https:\/\/www.dsdevelop.com.br\/?page_id=1806"},"modified":"2023-12-10T14:10:43","modified_gmt":"2023-12-10T17:10:43","slug":"termos_fipe","status":"publish","type":"page","link":"https:\/\/www.dsdevelop.com.br\/index.php\/termos_fipe\/","title":{"rendered":"Pol\u00edtica de Privacidade &#8211; Consulta Fipe"},"content":{"rendered":"<p>O texto a seguir descreve a coleta e uso de informa\u00e7\u00f5es por parte da DS Develop dos usu\u00e1rios de seus aplicativos.<br \/>\nToda informa\u00e7\u00e3o inserida em nossos aplicativos \u00e9 tratada dentro da legalidade, sempre garantindo a privacidade do usu\u00e1rio.<\/p>\n<h4>O que o app faz com suas informa\u00e7\u00f5es pessoais<\/h4>\n<p>Coletamos informa\u00e7\u00f5es espec\u00edficas do aparelho (Exemplo: sistema operacional e sua vers\u00e3o e o modelo de hardware).<br \/>\nColetamos e armazenamos as informa\u00e7\u00f5es gerais de como o servi\u00e7o foi utilizado, como as consultas foram realizadas, o Endere\u00e7o de protocolo de Internet \u200a, as Informa\u00e7\u00f5es de data e hor\u00e1rio da consulta, e de qual plataforma (Via Aplicativo ou Web) foi utilizada.<br \/>\nDestacamos que o Consulta Placa DS Develop n\u00e3o coleta informa\u00e7\u00f5es pessoais como por exemplo n\u00fameros de telefone, contatos e outras que permitam identificar ou rastrear o usu\u00e1rio. Nossos servi\u00e7os n\u00e3o exigem cadastro ou identifica\u00e7\u00e3o de usu\u00e1rio para sua utiliza\u00e7\u00e3o.<br \/>\nAs informa\u00e7\u00f5es coletadas s\u00e3o utilizadas melhorias de seguran\u00e7a e performance do aplicativo.<\/p>\n<h4>Banco de dados do aplicativo<\/h4>\n<p>As informa\u00e7\u00f5es inseridas nos aplicativos, s\u00e3o utilizadas para c\u00e1lculos e fun\u00e7\u00f5es dentro do aplicativo e podem ser armazenadas em banco de dados local (no seu aparelho e ap\u00f3s a desinstala\u00e7\u00e3o do aplicativo as mesmas s\u00e3o apagadas).<\/p>\n<h4>Analytics<\/h4>\n<p>Podemos usar prestadores de servi\u00e7os terceirizados para monitorar e analisar o uso de nosso servi\u00e7o.<\/p>\n<h4>Google Analytics<\/h4>\n<p>O Google Analytics \u00e9 um servi\u00e7o de an\u00e1lise da web oferecido pelo Google que rastreia e relata o tr\u00e1fego do website. O Google usa os dados coletados para rastrear e monitorar o uso do nosso servi\u00e7o. Esses dados s\u00e3o compartilhados com outros servi\u00e7os do Google. O Google pode usar os dados coletados para contextualizar e personalizar os an\u00fancios de sua pr\u00f3pria rede de publicidade.<\/p>\n<p>Para mais informa\u00e7\u00f5es sobre as pr\u00e1ticas de privacidade do Google, visite a p\u00e1gina do Google Privacy &amp; Terms: http:\/\/www.google.com\/intl\/pt\/policies\/privacy\/<\/p>\n<h4>Firebase<\/h4>\n<p>O Firebase \u00e9 um servi\u00e7o de an\u00e1lise fornecido pelo Google Inc.<\/p>\n<p>Voc\u00ea pode desativar determinados recursos do Firebase por meio das configura\u00e7\u00f5es do seu dispositivo m\u00f3vel, como as configura\u00e7\u00f5es de publicidade do seu dispositivo ou seguindo as instru\u00e7\u00f5es fornecidas pelo Google em sua Pol\u00edtica de privacidade: http:\/\/www.google.com\/intl\/pt-BR\/policies\/ privacidade\/ Tamb\u00e9m recomendamos que voc\u00ea analise a pol\u00edtica do Google para proteger seus dados: https:\/\/support.google.com\/analytics\/answer\/6004245 . Para obter mais informa\u00e7\u00f5es sobre o tipo de informa\u00e7\u00f5es que o Firebase coleta, visite a p\u00e1gina de privacidade e termos do Google da Google: http:\/\/www.google.com\/intl\/pt-BR\/policies\/privacy\/<\/p>\n<h4>An\u00fancios<\/h4>\n<p>Podemos usar provedores de servi\u00e7os terceirizados para mostrar an\u00fancios a voc\u00ea para ajudar a manter nosso servi\u00e7o.<\/p>\n<h4>Google AdSense e DoubleClick Cookie<\/h4>\n<p>O Google, como fornecedor de terceiros, usa cookies para exibir an\u00fancios em nosso Servi\u00e7o. O uso do cookie DoubleClick pelo Google permite que ele e seus parceiros exibam an\u00fancios para nossos usu\u00e1rios com base em sua visita ao nosso Servi\u00e7o ou em outros sites na Internet.<\/p>\n<p>Voc\u00ea pode desativar o uso do DoubleClick Cookie para publicidade baseada em interesses acessando a p\u00e1gina de configura\u00e7\u00f5es do Google Ads: http:\/\/www.google.com\/ads\/preferences\/<\/p>\n<h4>AdMob pelo Google<\/h4>\n<p>A AdMob by Google \u00e9 fornecida pela Google Inc.<\/p>\n<p>Voc\u00ea pode desativar os servi\u00e7os da AdMob by Google seguindo as instru\u00e7\u00f5es descritas pelo Google: https:\/\/support.google.com\/ads\/answer\/2662922?hl=pt-BR<\/p>\n<p>Para obter mais informa\u00e7\u00f5es sobre como o Google usa as informa\u00e7\u00f5es coletadas, visite a p\u00e1gina &#8220;Como o Google usa os dados quando voc\u00ea usa sites ou aplicativos de nossos parceiros&#8221;: http:\/\/www.google.com\/policies\/privacy\/partners\/ ou visite o site Pol\u00edtica de Privacidade do Google: http:\/\/www.google.com\/policies\/privacy\/<\/p>\n<h4>Validade<\/h4>\n<p>Ressaltamos que nossos aplicativos s\u00e3o disponibilizados para download exclusivamente atrav\u00e9s da Play Store (loja oficial de aplicativos do Google) portanto os termos e informa\u00e7\u00f5es aqui descritos s\u00e3o v\u00e1lidos somente para os nossos aplicativos baixados e instalados atrav\u00e9s das lojas citadas acima. N\u00e3o podemos garantir a proced\u00eancia de qualquer aplicativo que porventura venha a ser disponibilizado e\/ou instalado de outra maneira.<\/p>\n<h4>D\u00favidas sobre Privacidade<\/h4>\n<p>Se voc\u00ea tiver algum questionamento ou d\u00favida com rela\u00e7\u00e3o \u00e0 Pol\u00edtica de Privacidade dos nossos aplicativos ou qualquer pr\u00e1tica aqui descrita, poder\u00e1 entrar em contato conosco atrav\u00e9s do email decio.schmitt@dsdevelop.com.br onde teremos grande prazer em lhe atender.<\/p>\n<p>Nos reservamos ao direito de atualizar nossa pol\u00edtica de privacidade sempre que julgarmos necess\u00e1rio. Caso fa\u00e7amos altera\u00e7\u00f5es nesta pol\u00edtica de privacidade, iremos notific\u00e1-lo sobre a atualiza\u00e7\u00e3o atrav\u00e9s da p\u00e1gina oficial do app no Google Play, pelo app ou mesmo por outros tipos de avisos que acharmos convenientes. Assim, voc\u00ea sempre ficar\u00e1 atualizado.<\/p>\n<h4>Concord\u00e2ncia<\/h4>\n<p>Continuando a utilizar os nossos aplicativos voc\u00ea indicar\u00e1 que concorda com os termos declarados e em ficar vinculado por qualquer uma das altera\u00e7\u00f5es feitas nos termos desta Pol\u00edtica de Privacidade. Se voc\u00ea n\u00e3o concordar com algum dos termos, voc\u00ea deve evitar qualquer uso dos nossos aplicativos.<\/p>\n","protected":false},"excerpt":{"rendered":"<p>O texto a seguir descreve a coleta e uso de informa\u00e7\u00f5es por parte da DS Develop dos usu\u00e1rios de seus aplicativos. Toda informa\u00e7\u00e3o inserida em nossos aplicativos \u00e9 tratada dentro da legalidade, sempre garantindo a privacidade do usu\u00e1rio. O que o app faz com suas informa\u00e7\u00f5es pessoais Coletamos informa\u00e7\u00f5es espec\u00edficas do aparelho (Exemplo: sistema operacional [&hellip;]<\/p>\n","protected":false},"author":4,"featured_media":0,"parent":0,"menu_order":0,"comment_status":"closed","ping_status":"closed","template":"TermoPrivacidade.php","meta":{"_acf_changed":false,"footnotes":""},"class_list":["post-1806","page","type-page","status-publish","hentry"],"acf":[],"yoast_head":"<!-- This site is optimized with the Yoast SEO plugin v26.8 - https:\/\/yoast.com\/product\/yoast-seo-wordpress\/ -->\n<title>Pol\u00edtica de Privacidade - Consulta Fipe - DS Develop - Sistemas Inteligentes<\/title>\n<meta name=\"robots\" content=\"index, follow, max-snippet:-1, max-image-preview:large, max-video-preview:-1\" \/>\n<link rel=\"canonical\" href=\"https:\/\/www.dsdevelop.com.br\/index.php\/termos_fipe\/\" \/>\n<meta property=\"og:locale\" content=\"pt_BR\" \/>\n<meta property=\"og:type\" content=\"article\" \/>\n<meta property=\"og:title\" content=\"Pol\u00edtica de Privacidade - Consulta Fipe - DS Develop - Sistemas Inteligentes\" \/>\n<meta property=\"og:description\" content=\"O texto a seguir descreve a coleta e uso de informa\u00e7\u00f5es por parte da DS Develop dos usu\u00e1rios de seus aplicativos. Toda informa\u00e7\u00e3o inserida em nossos aplicativos \u00e9 tratada dentro da legalidade, sempre garantindo a privacidade do usu\u00e1rio. O que o app faz com suas informa\u00e7\u00f5es pessoais Coletamos informa\u00e7\u00f5es espec\u00edficas do aparelho (Exemplo: sistema operacional [&hellip;]\" \/>\n<meta property=\"og:url\" content=\"https:\/\/www.dsdevelop.com.br\/index.php\/termos_fipe\/\" \/>\n<meta property=\"og:site_name\" content=\"DS Develop - Sistemas Inteligentes\" \/>\n<meta property=\"article:modified_time\" content=\"2023-12-10T17:10:43+00:00\" \/>\n<meta name=\"twitter:card\" content=\"summary_large_image\" \/>\n<meta name=\"twitter:label1\" content=\"Est. tempo de leitura\" \/>\n\t<meta name=\"twitter:data1\" content=\"5 minutos\" \/>\n<script type=\"application\/ld+json\" class=\"yoast-schema-graph\">{\"@context\":\"https:\/\/schema.org\",\"@graph\":[{\"@type\":\"WebPage\",\"@id\":\"https:\/\/www.dsdevelop.com.br\/index.php\/termos_fipe\/\",\"url\":\"https:\/\/www.dsdevelop.com.br\/index.php\/termos_fipe\/\",\"name\":\"Pol\u00edtica de Privacidade - Consulta Fipe - DS Develop - Sistemas Inteligentes\",\"isPartOf\":{\"@id\":\"https:\/\/www.dsdevelop.com.br\/#website\"},\"datePublished\":\"2019-04-05T19:29:00+00:00\",\"dateModified\":\"2023-12-10T17:10:43+00:00\",\"breadcrumb\":{\"@id\":\"https:\/\/www.dsdevelop.com.br\/index.php\/termos_fipe\/#breadcrumb\"},\"inLanguage\":\"pt-BR\",\"potentialAction\":[{\"@type\":\"ReadAction\",\"target\":[\"https:\/\/www.dsdevelop.com.br\/index.php\/termos_fipe\/\"]}]},{\"@type\":\"BreadcrumbList\",\"@id\":\"https:\/\/www.dsdevelop.com.br\/index.php\/termos_fipe\/#breadcrumb\",\"itemListElement\":[{\"@type\":\"ListItem\",\"position\":1,\"name\":\"In\u00edcio\",\"item\":\"https:\/\/www.dsdevelop.com.br\/\"},{\"@type\":\"ListItem\",\"position\":2,\"name\":\"Pol\u00edtica de Privacidade &#8211; Consulta Fipe\"}]},{\"@type\":\"WebSite\",\"@id\":\"https:\/\/www.dsdevelop.com.br\/#website\",\"url\":\"https:\/\/www.dsdevelop.com.br\/\",\"name\":\"DS Develop - Sistemas Inteligentes\",\"description\":\"Desenvolvimento de sistemas inteligentes.\",\"publisher\":{\"@id\":\"https:\/\/www.dsdevelop.com.br\/#organization\"},\"potentialAction\":[{\"@type\":\"SearchAction\",\"target\":{\"@type\":\"EntryPoint\",\"urlTemplate\":\"https:\/\/www.dsdevelop.com.br\/?s={search_term_string}\"},\"query-input\":{\"@type\":\"PropertyValueSpecification\",\"valueRequired\":true,\"valueName\":\"search_term_string\"}}],\"inLanguage\":\"pt-BR\"},{\"@type\":\"Organization\",\"@id\":\"https:\/\/www.dsdevelop.com.br\/#organization\",\"name\":\"DS Develop - Sistemas Inteligentes\",\"url\":\"https:\/\/www.dsdevelop.com.br\/\",\"logo\":{\"@type\":\"ImageObject\",\"inLanguage\":\"pt-BR\",\"@id\":\"https:\/\/www.dsdevelop.com.br\/#\/schema\/logo\/image\/\",\"url\":\"https:\/\/www.dsdevelop.com.br\/wp-content\/uploads\/2019\/12\/logo234.png\",\"contentUrl\":\"https:\/\/www.dsdevelop.com.br\/wp-content\/uploads\/2019\/12\/logo234.png\",\"width\":190,\"height\":38,\"caption\":\"DS Develop - Sistemas Inteligentes\"},\"image\":{\"@id\":\"https:\/\/www.dsdevelop.com.br\/#\/schema\/logo\/image\/\"}}]}<\/script>\n<!-- \/ Yoast SEO plugin. -->","yoast_head_json":{"title":"Pol\u00edtica de Privacidade - Consulta Fipe - DS Develop - Sistemas Inteligentes","robots":{"index":"index","follow":"follow","max-snippet":"max-snippet:-1","max-image-preview":"max-image-preview:large","max-video-preview":"max-video-preview:-1"},"canonical":"https:\/\/www.dsdevelop.com.br\/index.php\/termos_fipe\/","og_locale":"pt_BR","og_type":"article","og_title":"Pol\u00edtica de Privacidade - Consulta Fipe - DS Develop - Sistemas Inteligentes","og_description":"O texto a seguir descreve a coleta e uso de informa\u00e7\u00f5es por parte da DS Develop dos usu\u00e1rios de seus aplicativos. Toda informa\u00e7\u00e3o inserida em nossos aplicativos \u00e9 tratada dentro da legalidade, sempre garantindo a privacidade do usu\u00e1rio. O que o app faz com suas informa\u00e7\u00f5es pessoais Coletamos informa\u00e7\u00f5es espec\u00edficas do aparelho (Exemplo: sistema operacional [&hellip;]","og_url":"https:\/\/www.dsdevelop.com.br\/index.php\/termos_fipe\/","og_site_name":"DS Develop - Sistemas Inteligentes","article_modified_time":"2023-12-10T17:10:43+00:00","twitter_card":"summary_large_image","twitter_misc":{"Est. tempo de leitura":"5 minutos"},"schema":{"@context":"https:\/\/schema.org","@graph":[{"@type":"WebPage","@id":"https:\/\/www.dsdevelop.com.br\/index.php\/termos_fipe\/","url":"https:\/\/www.dsdevelop.com.br\/index.php\/termos_fipe\/","name":"Pol\u00edtica de Privacidade - Consulta Fipe - DS Develop - Sistemas Inteligentes","isPartOf":{"@id":"https:\/\/www.dsdevelop.com.br\/#website"},"datePublished":"2019-04-05T19:29:00+00:00","dateModified":"2023-12-10T17:10:43+00:00","breadcrumb":{"@id":"https:\/\/www.dsdevelop.com.br\/index.php\/termos_fipe\/#breadcrumb"},"inLanguage":"pt-BR","potentialAction":[{"@type":"ReadAction","target":["https:\/\/www.dsdevelop.com.br\/index.php\/termos_fipe\/"]}]},{"@type":"BreadcrumbList","@id":"https:\/\/www.dsdevelop.com.br\/index.php\/termos_fipe\/#breadcrumb","itemListElement":[{"@type":"ListItem","position":1,"name":"In\u00edcio","item":"https:\/\/www.dsdevelop.com.br\/"},{"@type":"ListItem","position":2,"name":"Pol\u00edtica de Privacidade &#8211; Consulta Fipe"}]},{"@type":"WebSite","@id":"https:\/\/www.dsdevelop.com.br\/#website","url":"https:\/\/www.dsdevelop.com.br\/","name":"DS Develop - Sistemas Inteligentes","description":"Desenvolvimento de sistemas inteligentes.","publisher":{"@id":"https:\/\/www.dsdevelop.com.br\/#organization"},"potentialAction":[{"@type":"SearchAction","target":{"@type":"EntryPoint","urlTemplate":"https:\/\/www.dsdevelop.com.br\/?s={search_term_string}"},"query-input":{"@type":"PropertyValueSpecification","valueRequired":true,"valueName":"search_term_string"}}],"inLanguage":"pt-BR"},{"@type":"Organization","@id":"https:\/\/www.dsdevelop.com.br\/#organization","name":"DS Develop - Sistemas Inteligentes","url":"https:\/\/www.dsdevelop.com.br\/","logo":{"@type":"ImageObject","inLanguage":"pt-BR","@id":"https:\/\/www.dsdevelop.com.br\/#\/schema\/logo\/image\/","url":"https:\/\/www.dsdevelop.com.br\/wp-content\/uploads\/2019\/12\/logo234.png","contentUrl":"https:\/\/www.dsdevelop.com.br\/wp-content\/uploads\/2019\/12\/logo234.png","width":190,"height":38,"caption":"DS Develop - Sistemas Inteligentes"},"image":{"@id":"https:\/\/www.dsdevelop.com.br\/#\/schema\/logo\/image\/"}}]}},"_links":{"self":[{"href":"https:\/\/www.dsdevelop.com.br\/index.php\/wp-json\/wp\/v2\/pages\/1806","targetHints":{"allow":["GET"]}}],"collection":[{"href":"https:\/\/www.dsdevelop.com.br\/index.php\/wp-json\/wp\/v2\/pages"}],"about":[{"href":"https:\/\/www.dsdevelop.com.br\/index.php\/wp-json\/wp\/v2\/types\/page"}],"author":[{"embeddable":true,"href":"https:\/\/www.dsdevelop.com.br\/index.php\/wp-json\/wp\/v2\/users\/4"}],"replies":[{"embeddable":true,"href":"https:\/\/www.dsdevelop.com.br\/index.php\/wp-json\/wp\/v2\/comments?post=1806"}],"version-history":[{"count":6,"href":"https:\/\/www.dsdevelop.com.br\/index.php\/wp-json\/wp\/v2\/pages\/1806\/revisions"}],"predecessor-version":[{"id":2309,"href":"https:\/\/www.dsdevelop.com.br\/index.php\/wp-json\/wp\/v2\/pages\/1806\/revisions\/2309"}],"wp:attachment":[{"href":"https:\/\/www.dsdevelop.com.br\/index.php\/wp-json\/wp\/v2\/media?parent=1806"}],"curies":[{"name":"wp","href":"https:\/\/api.w.org\/{rel}","templated":true}]}}