 {"id":1811,"date":"2019-04-08T10:25:00","date_gmt":"2019-04-08T13:25:00","guid":{"rendered":"https:\/\/www.dsdevelop.com.br\/?page_id=1811"},"modified":"2021-03-23T13:08:39","modified_gmt":"2021-03-23T16:08:39","slug":"termos_dolhonaficha","status":"publish","type":"page","link":"https:\/\/www.dsdevelop.com.br\/index.php\/termos_dolhonaficha\/","title":{"rendered":"Pol\u00edtica de Privacidade -De Olho na Ficha"},"content":{"rendered":"<p><strong>Resumo sobre a Prote\u00e7\u00e3o de Privacidade do De Olho na Ficha.<\/strong><\/p>\n<p><strong>Quais informa\u00e7\u00f5es coletamos de voc\u00ea?<\/strong><\/p>\n<p>Coletamos informa\u00e7\u00f5es quando configura uma conta do De Olho na Ficha. Para configurar sua conta coletamos dados como email\u00a0 e uma senha definida pelo usu\u00e1rio.\u00a0 Coletamos tamb\u00e9m dados do seu dispositivo como marca, modelo, advertising id, sistema. N\u00e3o coletamos os dados que voc\u00ea cadastra em seu dispositivo, o app trabalha de forma local, n\u00e3o fazemos backup ou restore dessas informa\u00e7\u00f5es fora do seu dispositivo.<\/p>\n<p><strong>Como usamos suas informa\u00e7\u00f5es?<\/strong><\/p>\n<p>Usamos suas informa\u00e7\u00f5es para configurar sua conta, dar suporte e permitir o acesso a todos os recursos do app De Olho na Ficha. Os canais de contato e e-mail ser\u00e3o usados para verifica\u00e7\u00f5es de seguran\u00e7a para proteger sua conta. O app De Olho na Ficha n\u00e3o usa esses meios de comunica\u00e7\u00e3o para\u00a0 fins promocionais ou de marketing.<\/p>\n<p><strong>Com quem compartilhamos seus dados?<\/strong><\/p>\n<p>Seus dados pessoais n\u00e3o s\u00e3o compartilhados com terceiros. Usamos ou podermos usar o Admob e\/ou Adsense para monetiza\u00e7\u00e3o do app, conforme o item\u00a0 &#8220;Servi\u00e7os de Publicidade&#8221; abaixo.<\/p>\n<p><strong>Servi\u00e7os de publicidade<\/strong><\/p>\n<p>Usamos ou podemos usar o Admob e\/ou Adsense no app De Olho na Ficha nos quais ele pode usar um identificador de publicidade. O Google AdSense e a AdMob s\u00e3o servi\u00e7os de publicidade fornecidos pela Google, onde terceiros podem estar usando cookies, web beacons e outras tecnologias para coletar informa\u00e7\u00f5es e dados de uso como resultado da veicula\u00e7\u00e3o de an\u00fancios. Tamb\u00e9m podemos usar a segmenta\u00e7\u00e3o de an\u00fancios baseada em GPS \/ local da AdMob.<\/p>\n<p><strong>Onde processamos seus dados?<\/strong><\/p>\n<p>Este app trabalha de forma off line, ent\u00e3o seus dados somente s\u00e3o processados no seu pr\u00f3prio dispositivo, salvo a valida\u00e7\u00e3o da conta que precisa de servi\u00e7os on line para identifica\u00e7\u00e3o e certifica\u00e7\u00e3o de seguran\u00e7a da suas conta no app.<\/p>\n<p><strong>Por quanto tempo mantemos seus dados?<\/strong><\/p>\n<p>Os seus dados ser\u00e3o mantidos por tempo indeterminado enquanto o usu\u00e1rio estiver usando o app.\u00a0 Se o usu\u00e1rio solicitar a exclus\u00e3o dos dados vamos excluir todos os dados em at\u00e9 15 dias<\/p>\n<p><strong>Validade<\/strong><\/p>\n<p>Ressaltamos que nossos aplicativos s\u00e3o disponibilizados para download exclusivamente atrav\u00e9s da Play Store ou App Store (loja oficial de aplicativos do Google ou da Apple respectivamente), portanto os termos e informa\u00e7\u00f5es aqui descritos s\u00e3o v\u00e1lidos somente para os nossos aplicativos baixados e instalados atrav\u00e9s das lojas citadas acima. N\u00e3o podemos garantir a proced\u00eancia de qualquer aplicativo que porventura venha a ser disponibilizado e\/ou instalado de outra maneira.<\/p>\n<p>Em caso de reclama\u00e7\u00f5es ou d\u00favidas, entre em contato conosco no e-mail: desenvolvimento@dsdevelop.com.br<\/p>\n<p><strong>Altera\u00e7\u00f5es na pol\u00edtica de privacidade<\/strong><\/p>\n<p>pol\u00edtica de privacidade pode ser atualizada de tempos em tempos, quando isso ocorrer voc\u00ea ser\u00e1 notificado antes que entre em vigor, e talvez voc\u00ea precise aceitar a nova pol\u00edtica para continuar usando o app.<\/p>\n<p><strong>Termos de uso do app De Olho na Ficha<\/strong><\/p>\n<p>Este Termo deve ser lido com aten\u00e7\u00e3o antes da utiliza\u00e7\u00e3o do APLICATIVO MOBILE DE OLHO NA FICHA.\u00a0 A utiliza\u00e7\u00e3o do APLICATIVO MOBILE DE OLHO NA FICHA, mesmo que parcial ou a t\u00edtulo de teste, indica que o\u00a0 <strong>LICENCIADO<\/strong> est\u00e1 ciente dos termos deste documento, concordando com todo ele.<\/p>\n<p>Em caso de discord\u00e2ncia dos termos aqui apresentados, a utiliza\u00e7\u00e3o do APLICATIVO MOBILE DE OLHO NA FICHA deve ser imediatamente interrompida.<\/p>\n<p>Este Termo se encontra publicado dentro do pr\u00f3prio APLICATIVO MOBILE DE OLHO NA FICHA. Pelo presente instrumento particular, de um lado o LICENCIADO (pessoa f\u00edsica ou jur\u00eddica usu\u00e1rio do DE OLHO NA FICHA) (o &#8220;<strong>LICENCIADO<\/strong>&#8220;) e, de outro, a DS DEVELOP SISTEMAS DE INFORMATICA EIRELI &#8211; ME., pessoa jur\u00eddica de direito privado, inscrita no CNPJ sob n. 21.986.357\/0001-60 (a &#8220;<strong>LICENCIANTE<\/strong>&#8221; e, juntamente com o <strong>LICENCIADO<\/strong>, aqui referida como &#8220;Parte&#8221; ou &#8220;Partes&#8221;), t\u00eam entre si justo e pactuado o presente Termo de Licen\u00e7a e Permiss\u00e3o de Uso do Software Aplicativo Mobile DE OLHO NA FICHA por Usu\u00e1rio Final (&#8220;Contrato&#8221;), que ser\u00e1\u00a0 regido pelas cl\u00e1usulas seguintes:<\/p>\n<p><strong>Defini\u00e7\u00f5es<\/strong><\/p>\n<p>a) <strong>ADES\u00c3O AO CONTRATO<\/strong> \u2013 \u00c9 a aceita\u00e7\u00e3o aos termos, que se concretiza na ocasi\u00e3o da sua aceita\u00e7\u00e3o feita eletronicamente quando na utiliza\u00e7\u00e3o do APLICATIVO MOBILE DE OLHO NA FICHA, ainda que parcialmente ou a t\u00edtulo de teste.<\/p>\n<p>b) <strong>APLICATIVO MOBILE<\/strong> \u2013 \u00c9 o software utilizado para fun\u00e7\u00f5es espec\u00edficas em dispositivos m\u00f3veis como smartphones e tablets. Eles est\u00e3o dispon\u00edveis atrav\u00e9s de plataformas de distribui\u00e7\u00e3o de aplica\u00e7\u00f5es que s\u00e3o normalmente operadas pelo propriet\u00e1rio do sistema operacional m\u00f3vel, como App Store, Android Market, BlackBerry App World, Ovi Store, entre outros. Alguns aplicativos s\u00e3o gratuitos, e outros t\u00eam um pre\u00e7o. Normalmente eles s\u00e3o baixados da plataforma para um dispositivo de destino, como um iPhone, BlackBerry, Android ou telefone, mas \u00e0s vezes eles podem ser baixados para computadores menos m\u00f3veis, tais como laptops ou desktops. Os aplicativos s\u00e3o destinados a facilitar o desempenho de atividades pr\u00e1ticas do usu\u00e1rio assim como para puro divertimento.<\/p>\n<p>c) <strong>TERMO<\/strong> \u2013 \u00c9 o presente Contrato de Licen\u00e7a e Permiss\u00e3o de Uso do Software Aplicativo Mobile DE OLHO NA FICHA por Usu\u00e1rio Final.<\/p>\n<p>d) <strong>LICENCIADO<\/strong> \u2013 \u00c9 a pessoa f\u00edsica ou jur\u00eddica usu\u00e1ria do DE OLHO NA FICHA, que dever\u00e1 ACEITAR os termos para utiliza\u00e7\u00e3o do referido APLICATIVO MOBILE, de forma onerosa ou gratuita, a crit\u00e9rio da LICENCIANTE.<\/p>\n<p>e) <strong>LICENCIANTE<\/strong> \u2013 \u00c9 a DS DEVELOP SISTEMAS DE INFORMATICA EIRELI &#8211; ME.<\/p>\n<p><strong>Objeto do termo e da propriedade intelectual<\/strong><\/p>\n<p>a) \u00c9 objeto do presente termo a concess\u00e3o de licen\u00e7a e permiss\u00e3o de uso, revog\u00e1veis e n\u00e3o exclusivas, do APLICATIVO MOBILE DE OLHO NA FICHA para usu\u00e1rio final. O LICENCIADO n\u00e3o poder\u00e1 utilizar e nem permitir o uso do APLICATIVO MOBILE DE OLHO NA FICHA para finalidades outras que n\u00e3o seja para suas pr\u00f3prias finalidades internas. Esta licen\u00e7a n\u00e3o implica nenhum direito a futuras atualiza\u00e7\u00f5es ou upgrades do APLICATIVO MOBILE ou na capacidade de acessar outros aplicativos al\u00e9m daqueles originalmente localizados no APLICATIVO MOBILE DE OLHO NA FICHA, ou para adquirir quaisquer servi\u00e7os novos ou modificados.<\/p>\n<p>b) Pelo presente instrumento o <strong>LICENCIANTE<\/strong> possibilita ao <strong>LICENCIADO<\/strong> o acesso ao APLICATIVO MOBILE DE OLHO NA FICHA instalado em plataforma interna do <strong>LICENCIANTE<\/strong>, por meio de &#8220;cloud computing&#8221;\u00a0 (navega\u00e7\u00e3o em nuvens), n\u00e3o existindo qualquer transfer\u00eancia de titularidade do mesmo.<\/p>\n<p>c) O <strong>LICENCIANTE<\/strong> poder\u00e1, sem pr\u00e9vio aviso, bloquear e cancelar o acesso ao aplicativo quando verificar que o Usu\u00e1rio praticou algum ato ou mantenha conduta que viole as leis e regulamentos federais, estaduais e\/ou municipais, contrarie as regras destes Termos de Uso, ou viole os princ\u00edpios da moral e dos bons costumes.<\/p>\n<p>d) Toda e qualquer a\u00e7\u00e3o executada ou conte\u00fado publicado pelo <strong>LICENCIADO<\/strong> durante o uso do aplicativo ser\u00e1 de sua exclusiva e integral responsabilidade, devendo isentar o LICENCIANTE de quaisquer reclama\u00e7\u00f5es, preju\u00edzos, perdas e danos causados, em decorr\u00eancia de tais a\u00e7\u00f5es ou manifesta\u00e7\u00f5es.<\/p>\n<p>e) O <strong>LICENCIADO<\/strong> autoriza o <strong>LICENCIANTE<\/strong> ou terceiros por ele indicados, a utilizar, por prazo indeterminado, as informa\u00e7\u00f5es fornecidas durante o uso do aplicativo, para fins estat\u00edsticos e envio de material publicit\u00e1rio, newletters, informes, etc.<\/p>\n<p>f) O <strong>LICENCIADO<\/strong> \u00e9 exclusivamente respons\u00e1vel por todo e qualquer conte\u00fado por ele cadastrado atrav\u00e9s do Aplicativo. Ao enviar\/publicar ou cadastrar o conte\u00fado, o <strong>LICENCIADO<\/strong> garante que ele n\u00e3o viola quaisquer direitos de terceiros ou leis vigentes e concorda em manter o <strong>LICENCIANTE<\/strong> isento de quaisquer reclama\u00e7\u00f5es judiciais ou extrajudiciais de terceiros.<\/p>\n<p>g) O <strong>LICENCIADO<\/strong> autoriza o <strong>LICENCIANTE<\/strong> a utilizar o conte\u00fado por ele cadastrado ou recuperado atrav\u00e9s do Aplicativo, gratuitamente, por prazo indeterminado e em qualquer territ\u00f3rio, nas redes sociais e qualquer ve\u00edculos de Comunica\u00e7\u00e3o.<\/p>\n<p><strong>Das obriga\u00e7\u00f5es do licenciado<\/strong><\/p>\n<p>S\u00e3o obriga\u00e7\u00f5es do <strong>LICENCIADO<\/strong> ou de terceiros a ele vinculados:<\/p>\n<p>a) N\u00e3o copiar, ceder, sublicenciar, vender, dar em loca\u00e7\u00e3o ou em garantia, reproduzir, doar, alienar de qualquer forma, transferir total ou parcialmente, sob quaisquer modalidades, gratuita ou onerosamente, provis\u00f3ria ou permanentemente, o APLICATIVO MOBILE DE OLHO NA FICHA, assim como seus m\u00f3dulos, partes, manuais ou quaisquer informa\u00e7\u00f5es a ele relativas;<\/p>\n<p>b) N\u00e3o modificar as caracter\u00edsticas do(s) programa(s) ou m\u00f3dulo(s) de programa(s) que comp\u00f5em o APLICATIVO MOBILE DE OLHO NA FICHA, ampli\u00e1-los ou alter\u00e1-los de qualquer forma;<\/p>\n<p>c) N\u00e3o criar programas que venham a alterar, incluir ou excluir dados do APLICATIVO MOBILE DE OLHO NA FICHA licenciado, se for o caso;<\/p>\n<p>d) N\u00e3o retirar ou alterar, total ou parcialmente, os avisos de reserva de direito existente no APLICATIVO MOBILE DE OLHO NA FICHA;<\/p>\n<p>e) N\u00e3o praticar de engenharia reversa, descompila\u00e7\u00e3o ou desmontagem do APLICATIVO MOBILE DE OLHO NA FICHA;<\/p>\n<p>f) Cumprir com todas as suas demais obriga\u00e7\u00f5es decorrentes do presente documento, observando estritamente seus termos.<\/p>\n<p>Das obriga\u00e7\u00f5es da licenciante<\/p>\n<p>S\u00e3o obriga\u00e7\u00f5es da <strong>LICENCIANTE<\/strong>:<\/p>\n<p>a) Suspender o acesso ao APLICATIVO MOBILE DE OLHO NA FICHA quando seu uso pelo LICENCIADO esteja desrespeitando as regras de conte\u00fado aqui estabelecidas, o Termo e Condi\u00e7\u00f5es de Uso e a Pol\u00edtica de Privacidade da LICENCIANTE ou as normas legais em vigor ou, ainda, ao final do prazo de validade deste instrumento, independentemente de aviso pr\u00e9vio;<\/p>\n<p>b) A LICENCIANTE n\u00e3o efetua necessariamente, qualquer checagem de informa\u00e7\u00f5es ou de perfil de nenhum Usu\u00e1rio que deseje utilizar os seus servi\u00e7os no ato do cadastro, nem realiza uma profunda investiga\u00e7\u00e3o sobre a veracidade das informa\u00e7\u00f5es apostas. Desta forma, n\u00e3o se responsabiliza de nenhuma maneira e em nenhuma hip\u00f3tese, pela utiliza\u00e7\u00e3o indevida dos seus servi\u00e7os.<\/p>\n<p><strong>Isen\u00e7\u00e3o de responsabilidade da LICENCIANTE<br \/>\n<\/strong><\/p>\n<p>A <strong>LICENCIANTE<\/strong> fica isenta das seguintes responsabilidades:<\/p>\n<p>a) Pelos resultados produzidos pelo APLICATIVO MOBILE DE OLHO NA FICHA caso este seja afetado por algum tipo de programa externo ou &#8220;v\u00edrus&#8221;;<\/p>\n<p>b) Por problemas definidos como &#8220;caso fortuito&#8221; ou &#8220;for\u00e7a maior&#8221;, contemplados pelo Art. 393, do C\u00f3digo Civil Brasileiro;<\/p>\n<p>c) A <strong>LICENCIANTE<\/strong> n\u00e3o ser\u00e1 responsabilizada por erros, interrup\u00e7\u00f5es, mal-funcionamentos, atrasos ou outras imperfei\u00e7\u00f5es que possam surgir nos Servi\u00e7os prestados, que s\u00e3o poss\u00edveis de ocorrer em se tratando de inform\u00e1tica, n\u00e3o garantindo, a LICENCIANTE de nenhuma forma, garante a presta\u00e7\u00e3o de Servi\u00e7os de forma ininterrupta e\/ou isenta de erros.<\/p>\n<p>d) A <strong>LICENCIANTE<\/strong> n\u00e3o se responsabiliza por qualquer preju\u00edzo advindo da viola\u00e7\u00e3o de medidas de seguran\u00e7a por parte dos Usu\u00e1rios que n\u00e3o prestem as cautelas necess\u00e1rias para resguardar seus dados ou de terceiros que utilizem as redes p\u00fablicas ou na internet.<\/p>\n<p>e) A <strong>LICENCIANTE<\/strong> n\u00e3o se responsabiliza por qualquer dano, preju\u00edzo ou perda no equipamento do Usu\u00e1rio causado por falhas no sistema, no servidor ou na internet decorrentes de condutas de terceiros, caso fortuito ou for\u00e7a maior.<\/p>\n<p><strong>Declara\u00e7\u00e3o de aceite<\/strong><\/p>\n<p>O <strong>LICENCIADO<\/strong> declara ter conhecimento dos direitos e obriga\u00e7\u00f5es decorrentes do presente documento, constituindo este instrumento o acordo completo entre as partes. Declara, ainda, ter lido, compreendido e aceito todos os termos e condi\u00e7\u00f5es.<\/p>\n","protected":false},"excerpt":{"rendered":"<p>Resumo sobre a Prote\u00e7\u00e3o de Privacidade do De Olho na Ficha. Quais informa\u00e7\u00f5es coletamos de voc\u00ea? Coletamos informa\u00e7\u00f5es quando configura uma conta do De Olho na Ficha. Para configurar sua conta coletamos dados como email\u00a0 e uma senha definida pelo usu\u00e1rio.\u00a0 Coletamos tamb\u00e9m dados do seu dispositivo como marca, modelo, advertising id, sistema. N\u00e3o coletamos [&hellip;]<\/p>\n","protected":false},"author":4,"featured_media":0,"parent":0,"menu_order":0,"comment_status":"closed","ping_status":"closed","template":"TermoPrivacidade.php","meta":{"_acf_changed":false,"footnotes":""},"class_list":["post-1811","page","type-page","status-publish","hentry"],"acf":[],"yoast_head":"<!-- This site is optimized with the Yoast SEO plugin v26.8 - https:\/\/yoast.com\/product\/yoast-seo-wordpress\/ -->\n<title>Pol\u00edtica de Privacidade -De Olho na Ficha - DS Develop - Sistemas Inteligentes<\/title>\n<meta name=\"robots\" content=\"index, follow, max-snippet:-1, max-image-preview:large, max-video-preview:-1\" \/>\n<link rel=\"canonical\" href=\"https:\/\/www.dsdevelop.com.br\/index.php\/termos_dolhonaficha\/\" \/>\n<meta property=\"og:locale\" content=\"pt_BR\" \/>\n<meta property=\"og:type\" content=\"article\" \/>\n<meta property=\"og:title\" content=\"Pol\u00edtica de Privacidade -De Olho na Ficha - DS Develop - Sistemas Inteligentes\" \/>\n<meta property=\"og:description\" content=\"Resumo sobre a Prote\u00e7\u00e3o de Privacidade do De Olho na Ficha. Quais informa\u00e7\u00f5es coletamos de voc\u00ea? Coletamos informa\u00e7\u00f5es quando configura uma conta do De Olho na Ficha. Para configurar sua conta coletamos dados como email\u00a0 e uma senha definida pelo usu\u00e1rio.\u00a0 Coletamos tamb\u00e9m dados do seu dispositivo como marca, modelo, advertising id, sistema. N\u00e3o coletamos [&hellip;]\" \/>\n<meta property=\"og:url\" content=\"https:\/\/www.dsdevelop.com.br\/index.php\/termos_dolhonaficha\/\" \/>\n<meta property=\"og:site_name\" content=\"DS Develop - Sistemas Inteligentes\" \/>\n<meta property=\"article:modified_time\" content=\"2021-03-23T16:08:39+00:00\" \/>\n<meta name=\"twitter:card\" content=\"summary_large_image\" \/>\n<meta name=\"twitter:label1\" content=\"Est. tempo de leitura\" \/>\n\t<meta name=\"twitter:data1\" content=\"10 minutos\" \/>\n<script type=\"application\/ld+json\" class=\"yoast-schema-graph\">{\"@context\":\"https:\/\/schema.org\",\"@graph\":[{\"@type\":\"WebPage\",\"@id\":\"https:\/\/www.dsdevelop.com.br\/index.php\/termos_dolhonaficha\/\",\"url\":\"https:\/\/www.dsdevelop.com.br\/index.php\/termos_dolhonaficha\/\",\"name\":\"Pol\u00edtica de Privacidade -De Olho na Ficha - DS Develop - Sistemas Inteligentes\",\"isPartOf\":{\"@id\":\"https:\/\/www.dsdevelop.com.br\/#website\"},\"datePublished\":\"2019-04-08T13:25:00+00:00\",\"dateModified\":\"2021-03-23T16:08:39+00:00\",\"breadcrumb\":{\"@id\":\"https:\/\/www.dsdevelop.com.br\/index.php\/termos_dolhonaficha\/#breadcrumb\"},\"inLanguage\":\"pt-BR\",\"potentialAction\":[{\"@type\":\"ReadAction\",\"target\":[\"https:\/\/www.dsdevelop.com.br\/index.php\/termos_dolhonaficha\/\"]}]},{\"@type\":\"BreadcrumbList\",\"@id\":\"https:\/\/www.dsdevelop.com.br\/index.php\/termos_dolhonaficha\/#breadcrumb\",\"itemListElement\":[{\"@type\":\"ListItem\",\"position\":1,\"name\":\"In\u00edcio\",\"item\":\"https:\/\/www.dsdevelop.com.br\/\"},{\"@type\":\"ListItem\",\"position\":2,\"name\":\"Pol\u00edtica de Privacidade -De Olho na Ficha\"}]},{\"@type\":\"WebSite\",\"@id\":\"https:\/\/www.dsdevelop.com.br\/#website\",\"url\":\"https:\/\/www.dsdevelop.com.br\/\",\"name\":\"DS Develop - Sistemas Inteligentes\",\"description\":\"Desenvolvimento de sistemas inteligentes.\",\"publisher\":{\"@id\":\"https:\/\/www.dsdevelop.com.br\/#organization\"},\"potentialAction\":[{\"@type\":\"SearchAction\",\"target\":{\"@type\":\"EntryPoint\",\"urlTemplate\":\"https:\/\/www.dsdevelop.com.br\/?s={search_term_string}\"},\"query-input\":{\"@type\":\"PropertyValueSpecification\",\"valueRequired\":true,\"valueName\":\"search_term_string\"}}],\"inLanguage\":\"pt-BR\"},{\"@type\":\"Organization\",\"@id\":\"https:\/\/www.dsdevelop.com.br\/#organization\",\"name\":\"DS Develop - Sistemas Inteligentes\",\"url\":\"https:\/\/www.dsdevelop.com.br\/\",\"logo\":{\"@type\":\"ImageObject\",\"inLanguage\":\"pt-BR\",\"@id\":\"https:\/\/www.dsdevelop.com.br\/#\/schema\/logo\/image\/\",\"url\":\"https:\/\/www.dsdevelop.com.br\/wp-content\/uploads\/2019\/12\/logo234.png\",\"contentUrl\":\"https:\/\/www.dsdevelop.com.br\/wp-content\/uploads\/2019\/12\/logo234.png\",\"width\":190,\"height\":38,\"caption\":\"DS Develop - Sistemas Inteligentes\"},\"image\":{\"@id\":\"https:\/\/www.dsdevelop.com.br\/#\/schema\/logo\/image\/\"}}]}<\/script>\n<!-- \/ Yoast SEO plugin. -->","yoast_head_json":{"title":"Pol\u00edtica de Privacidade -De Olho na Ficha - DS Develop - Sistemas Inteligentes","robots":{"index":"index","follow":"follow","max-snippet":"max-snippet:-1","max-image-preview":"max-image-preview:large","max-video-preview":"max-video-preview:-1"},"canonical":"https:\/\/www.dsdevelop.com.br\/index.php\/termos_dolhonaficha\/","og_locale":"pt_BR","og_type":"article","og_title":"Pol\u00edtica de Privacidade -De Olho na Ficha - DS Develop - Sistemas Inteligentes","og_description":"Resumo sobre a Prote\u00e7\u00e3o de Privacidade do De Olho na Ficha. Quais informa\u00e7\u00f5es coletamos de voc\u00ea? Coletamos informa\u00e7\u00f5es quando configura uma conta do De Olho na Ficha. Para configurar sua conta coletamos dados como email\u00a0 e uma senha definida pelo usu\u00e1rio.\u00a0 Coletamos tamb\u00e9m dados do seu dispositivo como marca, modelo, advertising id, sistema. N\u00e3o coletamos [&hellip;]","og_url":"https:\/\/www.dsdevelop.com.br\/index.php\/termos_dolhonaficha\/","og_site_name":"DS Develop - Sistemas Inteligentes","article_modified_time":"2021-03-23T16:08:39+00:00","twitter_card":"summary_large_image","twitter_misc":{"Est. tempo de leitura":"10 minutos"},"schema":{"@context":"https:\/\/schema.org","@graph":[{"@type":"WebPage","@id":"https:\/\/www.dsdevelop.com.br\/index.php\/termos_dolhonaficha\/","url":"https:\/\/www.dsdevelop.com.br\/index.php\/termos_dolhonaficha\/","name":"Pol\u00edtica de Privacidade -De Olho na Ficha - DS Develop - Sistemas Inteligentes","isPartOf":{"@id":"https:\/\/www.dsdevelop.com.br\/#website"},"datePublished":"2019-04-08T13:25:00+00:00","dateModified":"2021-03-23T16:08:39+00:00","breadcrumb":{"@id":"https:\/\/www.dsdevelop.com.br\/index.php\/termos_dolhonaficha\/#breadcrumb"},"inLanguage":"pt-BR","potentialAction":[{"@type":"ReadAction","target":["https:\/\/www.dsdevelop.com.br\/index.php\/termos_dolhonaficha\/"]}]},{"@type":"BreadcrumbList","@id":"https:\/\/www.dsdevelop.com.br\/index.php\/termos_dolhonaficha\/#breadcrumb","itemListElement":[{"@type":"ListItem","position":1,"name":"In\u00edcio","item":"https:\/\/www.dsdevelop.com.br\/"},{"@type":"ListItem","position":2,"name":"Pol\u00edtica de Privacidade -De Olho na Ficha"}]},{"@type":"WebSite","@id":"https:\/\/www.dsdevelop.com.br\/#website","url":"https:\/\/www.dsdevelop.com.br\/","name":"DS Develop - Sistemas Inteligentes","description":"Desenvolvimento de sistemas inteligentes.","publisher":{"@id":"https:\/\/www.dsdevelop.com.br\/#organization"},"potentialAction":[{"@type":"SearchAction","target":{"@type":"EntryPoint","urlTemplate":"https:\/\/www.dsdevelop.com.br\/?s={search_term_string}"},"query-input":{"@type":"PropertyValueSpecification","valueRequired":true,"valueName":"search_term_string"}}],"inLanguage":"pt-BR"},{"@type":"Organization","@id":"https:\/\/www.dsdevelop.com.br\/#organization","name":"DS Develop - Sistemas Inteligentes","url":"https:\/\/www.dsdevelop.com.br\/","logo":{"@type":"ImageObject","inLanguage":"pt-BR","@id":"https:\/\/www.dsdevelop.com.br\/#\/schema\/logo\/image\/","url":"https:\/\/www.dsdevelop.com.br\/wp-content\/uploads\/2019\/12\/logo234.png","contentUrl":"https:\/\/www.dsdevelop.com.br\/wp-content\/uploads\/2019\/12\/logo234.png","width":190,"height":38,"caption":"DS Develop - Sistemas Inteligentes"},"image":{"@id":"https:\/\/www.dsdevelop.com.br\/#\/schema\/logo\/image\/"}}]}},"_links":{"self":[{"href":"https:\/\/www.dsdevelop.com.br\/index.php\/wp-json\/wp\/v2\/pages\/1811","targetHints":{"allow":["GET"]}}],"collection":[{"href":"https:\/\/www.dsdevelop.com.br\/index.php\/wp-json\/wp\/v2\/pages"}],"about":[{"href":"https:\/\/www.dsdevelop.com.br\/index.php\/wp-json\/wp\/v2\/types\/page"}],"author":[{"embeddable":true,"href":"https:\/\/www.dsdevelop.com.br\/index.php\/wp-json\/wp\/v2\/users\/4"}],"replies":[{"embeddable":true,"href":"https:\/\/www.dsdevelop.com.br\/index.php\/wp-json\/wp\/v2\/comments?post=1811"}],"version-history":[{"count":10,"href":"https:\/\/www.dsdevelop.com.br\/index.php\/wp-json\/wp\/v2\/pages\/1811\/revisions"}],"predecessor-version":[{"id":2128,"href":"https:\/\/www.dsdevelop.com.br\/index.php\/wp-json\/wp\/v2\/pages\/1811\/revisions\/2128"}],"wp:attachment":[{"href":"https:\/\/www.dsdevelop.com.br\/index.php\/wp-json\/wp\/v2\/media?parent=1811"}],"curies":[{"name":"wp","href":"https:\/\/api.w.org\/{rel}","templated":true}]}}