 {"id":2259,"date":"2022-07-18T14:49:13","date_gmt":"2022-07-18T17:49:13","guid":{"rendered":"https:\/\/www.dsdevelop.com.br\/?page_id=2259"},"modified":"2022-07-18T14:59:01","modified_gmt":"2022-07-18T17:59:01","slug":"politica-de-privacidade-consulta-cep","status":"publish","type":"page","link":"https:\/\/www.dsdevelop.com.br\/index.php\/politica-de-privacidade-consulta-cep\/","title":{"rendered":"Pol\u00edtica de Privacidade &#8211; Consulta CEP"},"content":{"rendered":"<p><strong>Resumo sobre a Prote\u00e7\u00e3o de Privacidade do App Consulta CEP.<\/strong><\/p>\n<p><strong>Quais informa\u00e7\u00f5es coletamos de voc\u00ea?<\/strong><\/p>\n<p>O App Consulta CEP n\u00e3o recolhe ou utiliza quaisquer dados pessoais que possam ser utilizados para identificar ou contat\u00e1-lo, sem o seu consentimento. Este App n\u00e3o recolhe nem utiliza nomes, endere\u00e7os de e-mail, fotografias, n\u00fameros de telefone, n\u00fameros de cart\u00f5es de cr\u00e9dito, nomes de contas, n\u00fameros de contas ou outras informa\u00e7\u00f5es que permitam o App\u00a0 identific\u00e1-lo. Coletamos informa\u00e7\u00f5es t\u00e9cnicas do seu dispositivo como vers\u00e3o do app, vers\u00e3o do OS, OS, e tokens necess\u00e1rios para o envio de avisos em forma de push.<\/p>\n<p><strong>Como usamos suas informa\u00e7\u00f5es?<\/strong><\/p>\n<p>Usamos suas informa\u00e7\u00f5es para analisar e melhorar a qualidade do nosso servi\u00e7o atrav\u00e9s do app.<\/p>\n<p><strong>Servi\u00e7os terceiros<\/strong><\/p>\n<p>O Aplicativo usa servi\u00e7os terceiros que podem coletar informa\u00e7\u00f5es usadas para identific\u00e1-lo. Link para a pol\u00edtica de privacidade de provedores de servi\u00e7os terceiros usados pelo aplicativo.<\/p>\n<ul class=\"n8H08c UVNKR\">\n<li id=\"h.p_z0-sWJuTo4ME\" class=\"TYR86d zfr3Q\"><a class=\"dhtgD aw5Odc\" href=\"https:\/\/www.google.com\/policies\/privacy\/\" target=\"_blank\" rel=\"noopener\"><strong>Servi\u00e7os do Google Play<\/strong><\/a><\/li>\n<li id=\"h.p_zr9KkF6Po4ME\" class=\"TYR86d zfr3Q\"><a class=\"dhtgD aw5Odc\" href=\"https:\/\/support.google.com\/admob\/answer\/6128543?hl=en\" target=\"_blank\" rel=\"noopener\"><strong>AdMob<\/strong><\/a><\/li>\n<li id=\"h.p_sSDXn7oDo4MG\" class=\"TYR86d zfr3Q\"><a class=\"dhtgD aw5Odc\" href=\"https:\/\/firebase.google.com\/policies\/analytics\" target=\"_blank\" rel=\"noopener\"><strong>Firebase Analytics<\/strong><\/a><\/li>\n<\/ul>\n<p><strong>Por quanto tempo mantemos seus dados?<\/strong><\/p>\n<p>Os seus dados ser\u00e3o mantidos por tempo indeterminado enquanto o usu\u00e1rio estiver usando o app.\u00a0 Se o usu\u00e1rio solicitar a exclus\u00e3o dos dados vamos excluir todos os dados em at\u00e9 15 dias<\/p>\n<p><strong>Validade<\/strong><\/p>\n<p>Ressaltamos que nossos aplicativos s\u00e3o disponibilizados para download exclusivamente atrav\u00e9s da Play Store ou App Store (loja oficial de aplicativos do Google ou da Apple respectivamente), portanto os termos e informa\u00e7\u00f5es aqui descritos s\u00e3o v\u00e1lidos somente para os nossos aplicativos baixados e instalados atrav\u00e9s das lojas citadas acima. N\u00e3o podemos garantir a proced\u00eancia de qualquer aplicativo que porventura venha a ser disponibilizado e\/ou instalado de outra maneira.<\/p>\n<p>Em caso de reclama\u00e7\u00f5es ou d\u00favidas, entre em contato conosco no e-mail: desenvolvimento@dsdevelop.com.br<\/p>\n<p><strong>Altera\u00e7\u00f5es na pol\u00edtica de privacidade<\/strong><\/p>\n<p>pol\u00edtica de privacidade pode ser atualizada de tempos em tempos, quando isso ocorrer voc\u00ea ser\u00e1 notificado antes que entre em vigor, e talvez voc\u00ea precise aceitar a nova pol\u00edtica para continuar usando o app.<\/p>\n<p><strong>Contate-nos<\/strong><\/p>\n<p>Se voc\u00ea tiver duvidas ou sugest\u00f5es sobre a nossa pol\u00edtica de privacidade, n\u00e3o hesite em entrar em contato conosco: desenvolvimento@dsdevelop.com.br.<\/p>\n<p>&nbsp;<\/p>\n","protected":false},"excerpt":{"rendered":"<p>Resumo sobre a Prote\u00e7\u00e3o de Privacidade do App Consulta CEP. Quais informa\u00e7\u00f5es coletamos de voc\u00ea? O App Consulta CEP n\u00e3o recolhe ou utiliza quaisquer dados pessoais que possam ser utilizados para identificar ou contat\u00e1-lo, sem o seu consentimento. Este App n\u00e3o recolhe nem utiliza nomes, endere\u00e7os de e-mail, fotografias, n\u00fameros de telefone, n\u00fameros de cart\u00f5es [&hellip;]<\/p>\n","protected":false},"author":4,"featured_media":0,"parent":0,"menu_order":0,"comment_status":"closed","ping_status":"closed","template":"TermoPrivacidade.php","meta":{"_acf_changed":false,"footnotes":""},"class_list":["post-2259","page","type-page","status-publish","hentry"],"acf":[],"yoast_head":"<!-- This site is optimized with the Yoast SEO plugin v26.8 - https:\/\/yoast.com\/product\/yoast-seo-wordpress\/ -->\n<title>Pol\u00edtica de Privacidade - Consulta CEP - DS Develop - Sistemas Inteligentes<\/title>\n<meta name=\"robots\" content=\"index, follow, max-snippet:-1, max-image-preview:large, max-video-preview:-1\" \/>\n<link rel=\"canonical\" href=\"https:\/\/www.dsdevelop.com.br\/index.php\/politica-de-privacidade-consulta-cep\/\" \/>\n<meta property=\"og:locale\" content=\"pt_BR\" \/>\n<meta property=\"og:type\" content=\"article\" \/>\n<meta property=\"og:title\" content=\"Pol\u00edtica de Privacidade - Consulta CEP - DS Develop - Sistemas Inteligentes\" \/>\n<meta property=\"og:description\" content=\"Resumo sobre a Prote\u00e7\u00e3o de Privacidade do App Consulta CEP. Quais informa\u00e7\u00f5es coletamos de voc\u00ea? O App Consulta CEP n\u00e3o recolhe ou utiliza quaisquer dados pessoais que possam ser utilizados para identificar ou contat\u00e1-lo, sem o seu consentimento. Este App n\u00e3o recolhe nem utiliza nomes, endere\u00e7os de e-mail, fotografias, n\u00fameros de telefone, n\u00fameros de cart\u00f5es [&hellip;]\" \/>\n<meta property=\"og:url\" content=\"https:\/\/www.dsdevelop.com.br\/index.php\/politica-de-privacidade-consulta-cep\/\" \/>\n<meta property=\"og:site_name\" content=\"DS Develop - Sistemas Inteligentes\" \/>\n<meta property=\"article:modified_time\" content=\"2022-07-18T17:59:01+00:00\" \/>\n<meta name=\"twitter:card\" content=\"summary_large_image\" \/>\n<meta name=\"twitter:label1\" content=\"Est. tempo de leitura\" \/>\n\t<meta name=\"twitter:data1\" content=\"2 minutos\" \/>\n<script type=\"application\/ld+json\" class=\"yoast-schema-graph\">{\"@context\":\"https:\/\/schema.org\",\"@graph\":[{\"@type\":\"WebPage\",\"@id\":\"https:\/\/www.dsdevelop.com.br\/index.php\/politica-de-privacidade-consulta-cep\/\",\"url\":\"https:\/\/www.dsdevelop.com.br\/index.php\/politica-de-privacidade-consulta-cep\/\",\"name\":\"Pol\u00edtica de Privacidade - Consulta CEP - DS Develop - Sistemas Inteligentes\",\"isPartOf\":{\"@id\":\"https:\/\/www.dsdevelop.com.br\/#website\"},\"datePublished\":\"2022-07-18T17:49:13+00:00\",\"dateModified\":\"2022-07-18T17:59:01+00:00\",\"breadcrumb\":{\"@id\":\"https:\/\/www.dsdevelop.com.br\/index.php\/politica-de-privacidade-consulta-cep\/#breadcrumb\"},\"inLanguage\":\"pt-BR\",\"potentialAction\":[{\"@type\":\"ReadAction\",\"target\":[\"https:\/\/www.dsdevelop.com.br\/index.php\/politica-de-privacidade-consulta-cep\/\"]}]},{\"@type\":\"BreadcrumbList\",\"@id\":\"https:\/\/www.dsdevelop.com.br\/index.php\/politica-de-privacidade-consulta-cep\/#breadcrumb\",\"itemListElement\":[{\"@type\":\"ListItem\",\"position\":1,\"name\":\"In\u00edcio\",\"item\":\"https:\/\/www.dsdevelop.com.br\/\"},{\"@type\":\"ListItem\",\"position\":2,\"name\":\"Pol\u00edtica de Privacidade &#8211; Consulta CEP\"}]},{\"@type\":\"WebSite\",\"@id\":\"https:\/\/www.dsdevelop.com.br\/#website\",\"url\":\"https:\/\/www.dsdevelop.com.br\/\",\"name\":\"DS Develop - Sistemas Inteligentes\",\"description\":\"Desenvolvimento de sistemas inteligentes.\",\"publisher\":{\"@id\":\"https:\/\/www.dsdevelop.com.br\/#organization\"},\"potentialAction\":[{\"@type\":\"SearchAction\",\"target\":{\"@type\":\"EntryPoint\",\"urlTemplate\":\"https:\/\/www.dsdevelop.com.br\/?s={search_term_string}\"},\"query-input\":{\"@type\":\"PropertyValueSpecification\",\"valueRequired\":true,\"valueName\":\"search_term_string\"}}],\"inLanguage\":\"pt-BR\"},{\"@type\":\"Organization\",\"@id\":\"https:\/\/www.dsdevelop.com.br\/#organization\",\"name\":\"DS Develop - Sistemas Inteligentes\",\"url\":\"https:\/\/www.dsdevelop.com.br\/\",\"logo\":{\"@type\":\"ImageObject\",\"inLanguage\":\"pt-BR\",\"@id\":\"https:\/\/www.dsdevelop.com.br\/#\/schema\/logo\/image\/\",\"url\":\"https:\/\/www.dsdevelop.com.br\/wp-content\/uploads\/2019\/12\/logo234.png\",\"contentUrl\":\"https:\/\/www.dsdevelop.com.br\/wp-content\/uploads\/2019\/12\/logo234.png\",\"width\":190,\"height\":38,\"caption\":\"DS Develop - Sistemas Inteligentes\"},\"image\":{\"@id\":\"https:\/\/www.dsdevelop.com.br\/#\/schema\/logo\/image\/\"}}]}<\/script>\n<!-- \/ Yoast SEO plugin. -->","yoast_head_json":{"title":"Pol\u00edtica de Privacidade - Consulta CEP - DS Develop - Sistemas Inteligentes","robots":{"index":"index","follow":"follow","max-snippet":"max-snippet:-1","max-image-preview":"max-image-preview:large","max-video-preview":"max-video-preview:-1"},"canonical":"https:\/\/www.dsdevelop.com.br\/index.php\/politica-de-privacidade-consulta-cep\/","og_locale":"pt_BR","og_type":"article","og_title":"Pol\u00edtica de Privacidade - Consulta CEP - DS Develop - Sistemas Inteligentes","og_description":"Resumo sobre a Prote\u00e7\u00e3o de Privacidade do App Consulta CEP. Quais informa\u00e7\u00f5es coletamos de voc\u00ea? O App Consulta CEP n\u00e3o recolhe ou utiliza quaisquer dados pessoais que possam ser utilizados para identificar ou contat\u00e1-lo, sem o seu consentimento. Este App n\u00e3o recolhe nem utiliza nomes, endere\u00e7os de e-mail, fotografias, n\u00fameros de telefone, n\u00fameros de cart\u00f5es [&hellip;]","og_url":"https:\/\/www.dsdevelop.com.br\/index.php\/politica-de-privacidade-consulta-cep\/","og_site_name":"DS Develop - Sistemas Inteligentes","article_modified_time":"2022-07-18T17:59:01+00:00","twitter_card":"summary_large_image","twitter_misc":{"Est. tempo de leitura":"2 minutos"},"schema":{"@context":"https:\/\/schema.org","@graph":[{"@type":"WebPage","@id":"https:\/\/www.dsdevelop.com.br\/index.php\/politica-de-privacidade-consulta-cep\/","url":"https:\/\/www.dsdevelop.com.br\/index.php\/politica-de-privacidade-consulta-cep\/","name":"Pol\u00edtica de Privacidade - Consulta CEP - DS Develop - Sistemas Inteligentes","isPartOf":{"@id":"https:\/\/www.dsdevelop.com.br\/#website"},"datePublished":"2022-07-18T17:49:13+00:00","dateModified":"2022-07-18T17:59:01+00:00","breadcrumb":{"@id":"https:\/\/www.dsdevelop.com.br\/index.php\/politica-de-privacidade-consulta-cep\/#breadcrumb"},"inLanguage":"pt-BR","potentialAction":[{"@type":"ReadAction","target":["https:\/\/www.dsdevelop.com.br\/index.php\/politica-de-privacidade-consulta-cep\/"]}]},{"@type":"BreadcrumbList","@id":"https:\/\/www.dsdevelop.com.br\/index.php\/politica-de-privacidade-consulta-cep\/#breadcrumb","itemListElement":[{"@type":"ListItem","position":1,"name":"In\u00edcio","item":"https:\/\/www.dsdevelop.com.br\/"},{"@type":"ListItem","position":2,"name":"Pol\u00edtica de Privacidade &#8211; Consulta CEP"}]},{"@type":"WebSite","@id":"https:\/\/www.dsdevelop.com.br\/#website","url":"https:\/\/www.dsdevelop.com.br\/","name":"DS Develop - Sistemas Inteligentes","description":"Desenvolvimento de sistemas inteligentes.","publisher":{"@id":"https:\/\/www.dsdevelop.com.br\/#organization"},"potentialAction":[{"@type":"SearchAction","target":{"@type":"EntryPoint","urlTemplate":"https:\/\/www.dsdevelop.com.br\/?s={search_term_string}"},"query-input":{"@type":"PropertyValueSpecification","valueRequired":true,"valueName":"search_term_string"}}],"inLanguage":"pt-BR"},{"@type":"Organization","@id":"https:\/\/www.dsdevelop.com.br\/#organization","name":"DS Develop - Sistemas Inteligentes","url":"https:\/\/www.dsdevelop.com.br\/","logo":{"@type":"ImageObject","inLanguage":"pt-BR","@id":"https:\/\/www.dsdevelop.com.br\/#\/schema\/logo\/image\/","url":"https:\/\/www.dsdevelop.com.br\/wp-content\/uploads\/2019\/12\/logo234.png","contentUrl":"https:\/\/www.dsdevelop.com.br\/wp-content\/uploads\/2019\/12\/logo234.png","width":190,"height":38,"caption":"DS Develop - Sistemas Inteligentes"},"image":{"@id":"https:\/\/www.dsdevelop.com.br\/#\/schema\/logo\/image\/"}}]}},"_links":{"self":[{"href":"https:\/\/www.dsdevelop.com.br\/index.php\/wp-json\/wp\/v2\/pages\/2259","targetHints":{"allow":["GET"]}}],"collection":[{"href":"https:\/\/www.dsdevelop.com.br\/index.php\/wp-json\/wp\/v2\/pages"}],"about":[{"href":"https:\/\/www.dsdevelop.com.br\/index.php\/wp-json\/wp\/v2\/types\/page"}],"author":[{"embeddable":true,"href":"https:\/\/www.dsdevelop.com.br\/index.php\/wp-json\/wp\/v2\/users\/4"}],"replies":[{"embeddable":true,"href":"https:\/\/www.dsdevelop.com.br\/index.php\/wp-json\/wp\/v2\/comments?post=2259"}],"version-history":[{"count":2,"href":"https:\/\/www.dsdevelop.com.br\/index.php\/wp-json\/wp\/v2\/pages\/2259\/revisions"}],"predecessor-version":[{"id":2262,"href":"https:\/\/www.dsdevelop.com.br\/index.php\/wp-json\/wp\/v2\/pages\/2259\/revisions\/2262"}],"wp:attachment":[{"href":"https:\/\/www.dsdevelop.com.br\/index.php\/wp-json\/wp\/v2\/media?parent=2259"}],"curies":[{"name":"wp","href":"https:\/\/api.w.org\/{rel}","templated":true}]}}