 {"id":2438,"date":"2025-03-06T09:21:40","date_gmt":"2025-03-06T12:21:40","guid":{"rendered":"https:\/\/www.dsdevelop.com.br\/?page_id=2438"},"modified":"2025-03-06T09:32:48","modified_gmt":"2025-03-06T12:32:48","slug":"control-health-solicitacao-de-dados","status":"publish","type":"page","link":"https:\/\/www.dsdevelop.com.br\/index.php\/control-health-solicitacao-de-dados\/","title":{"rendered":"Control Health &#8211; Solicita\u00e7\u00e3o de dados"},"content":{"rendered":"\t\t<div data-elementor-type=\"wp-page\" data-elementor-id=\"2438\" class=\"elementor elementor-2438\" data-elementor-post-type=\"page\">\n\t\t\t\t\t\t<section class=\"elementor-section elementor-top-section elementor-element elementor-element-8654603 elementor-section-full_width elementor-section-stretched elementor-section-height-default elementor-section-height-default\" data-id=\"8654603\" data-element_type=\"section\" data-settings=\"{&quot;stretch_section&quot;:&quot;section-stretched&quot;,&quot;background_background&quot;:&quot;classic&quot;}\">\n\t\t\t\t\t\t<div class=\"elementor-container elementor-column-gap-default\">\n\t\t\t\t\t<div class=\"elementor-column elementor-col-100 elementor-top-column elementor-element elementor-element-864ca7f\" data-id=\"864ca7f\" data-element_type=\"column\" data-settings=\"{&quot;background_background&quot;:&quot;gradient&quot;}\">\n\t\t\t<div class=\"elementor-widget-wrap elementor-element-populated\">\n\t\t\t\t\t\t<div class=\"elementor-element elementor-element-ebe0482 elementor-widget elementor-widget-image\" data-id=\"ebe0482\" data-element_type=\"widget\" data-widget_type=\"image.default\">\n\t\t\t\t<div class=\"elementor-widget-container\">\n\t\t\t\t\t\t\t\t\t\t\t\t\t\t\t<img fetchpriority=\"high\" decoding=\"async\" width=\"525\" height=\"183\" src=\"https:\/\/www.dsdevelop.com.br\/wp-content\/uploads\/2025\/03\/nome_app.webp\" class=\"attachment-large size-large wp-image-2440\" alt=\"\" srcset=\"https:\/\/www.dsdevelop.com.br\/wp-content\/uploads\/2025\/03\/nome_app.webp 681w, https:\/\/www.dsdevelop.com.br\/wp-content\/uploads\/2025\/03\/nome_app-300x105.webp 300w\" sizes=\"(max-width: 525px) 100vw, 525px\" \/>\t\t\t\t\t\t\t\t\t\t\t\t\t\t\t<\/div>\n\t\t\t\t<\/div>\n\t\t\t\t\t<\/div>\n\t\t<\/div>\n\t\t\t\t\t<\/div>\n\t\t<\/section>\n\t\t\t\t<section class=\"elementor-section elementor-top-section elementor-element elementor-element-8b21a53 elementor-section-boxed elementor-section-height-default elementor-section-height-default\" data-id=\"8b21a53\" data-element_type=\"section\">\n\t\t\t\t\t\t<div class=\"elementor-container elementor-column-gap-default\">\n\t\t\t\t\t<div class=\"elementor-column elementor-col-100 elementor-top-column elementor-element elementor-element-156833a\" data-id=\"156833a\" data-element_type=\"column\">\n\t\t\t<div class=\"elementor-widget-wrap elementor-element-populated\">\n\t\t\t\t\t\t<div class=\"elementor-element elementor-element-bf1fddc elementor-widget elementor-widget-heading\" data-id=\"bf1fddc\" data-element_type=\"widget\" data-widget_type=\"heading.default\">\n\t\t\t\t<div class=\"elementor-widget-container\">\n\t\t\t\t\t<h2 class=\"elementor-heading-title elementor-size-default\">Bem vindo!<br>Siga os passos para solicitar seus dados.<\/h2>\t\t\t\t<\/div>\n\t\t\t\t<\/div>\n\t\t\t\t<div class=\"elementor-element elementor-element-8e790c4 elementor-widget elementor-widget-text-editor\" data-id=\"8e790c4\" data-element_type=\"widget\" data-widget_type=\"text-editor.default\">\n\t\t\t\t<div class=\"elementor-widget-container\">\n\t\t\t\t\t\t\t\t\t<p>Para solicitar seus dados do aplicativo, abra o aplicativo, clique no menu inferior no \u00edcone\u00a0 &#8220;<b>tr\u00eas bonequinos<\/b>&#8220;, vai abrir a tela de controle de usu\u00e1rio e dependentes, clique no bot\u00e3o &#8220;<strong>Solicitar Dados<\/strong>&#8220;.<\/p><p>Imediatamente o app vai gerar um relat\u00f3rio em PDF com os seus dados que armazenamos.<\/p><p>\u00a0<\/p>\t\t\t\t\t\t\t\t<\/div>\n\t\t\t\t<\/div>\n\t\t\t\t\t<\/div>\n\t\t<\/div>\n\t\t\t\t\t<\/div>\n\t\t<\/section>\n\t\t\t\t<section class=\"elementor-section elementor-top-section elementor-element elementor-element-d274290 elementor-section-boxed elementor-section-height-default elementor-section-height-default\" data-id=\"d274290\" data-element_type=\"section\">\n\t\t\t\t\t\t<div class=\"elementor-container elementor-column-gap-default\">\n\t\t\t\t\t<div class=\"elementor-column elementor-col-100 elementor-top-column elementor-element elementor-element-d0d6f1b\" data-id=\"d0d6f1b\" data-element_type=\"column\">\n\t\t\t<div class=\"elementor-widget-wrap elementor-element-populated\">\n\t\t\t\t\t\t<div class=\"elementor-element elementor-element-5da49eb elementor-widget elementor-widget-heading\" data-id=\"5da49eb\" data-element_type=\"widget\" data-widget_type=\"heading.default\">\n\t\t\t\t<div class=\"elementor-widget-container\">\n\t\t\t\t\t<h2 class=\"elementor-heading-title elementor-size-default\">Siga os passos para solicitar a exclus\u00e3o dos seus dados, e sua conta.\n<\/h2>\t\t\t\t<\/div>\n\t\t\t\t<\/div>\n\t\t\t\t<div class=\"elementor-element elementor-element-b753c67 elementor-widget elementor-widget-text-editor\" data-id=\"b753c67\" data-element_type=\"widget\" data-widget_type=\"text-editor.default\">\n\t\t\t\t<div class=\"elementor-widget-container\">\n\t\t\t\t\t\t\t\t\t<p>Para excluir seus dados do aplicativo, abra o aplicativo, clique no menu inferior no \u00edcone\u00a0 &#8220;<span style=\"font-weight: bold;\">tr\u00eas bonequinos<\/span>&#8220;, vai abrir a tela de controle de usu\u00e1rio e dependentes, clique no bot\u00e3o &#8220;<b>Excluir Conta<\/b>&#8220;.<\/p><p>O App vai lhe solicitar uma confirma\u00e7\u00e3o da a\u00e7\u00e3o ap\u00f3s isso seu dados ser\u00e3o exclu\u00eddos.<\/p>\t\t\t\t\t\t\t\t<\/div>\n\t\t\t\t<\/div>\n\t\t\t\t\t<\/div>\n\t\t<\/div>\n\t\t\t\t\t<\/div>\n\t\t<\/section>\n\t\t\t\t<section class=\"elementor-section elementor-top-section elementor-element elementor-element-78ebbba elementor-section-full_width elementor-section-content-bottom elementor-section-stretched elementor-section-height-default elementor-section-height-default\" data-id=\"78ebbba\" data-element_type=\"section\" data-settings=\"{&quot;stretch_section&quot;:&quot;section-stretched&quot;,&quot;background_background&quot;:&quot;classic&quot;}\">\n\t\t\t\t\t\t<div class=\"elementor-container elementor-column-gap-default\">\n\t\t\t\t\t<div class=\"elementor-column elementor-col-100 elementor-top-column elementor-element elementor-element-d8bfef0\" data-id=\"d8bfef0\" data-element_type=\"column\">\n\t\t\t<div class=\"elementor-widget-wrap\">\n\t\t\t\t\t\t\t<\/div>\n\t\t<\/div>\n\t\t\t\t\t<\/div>\n\t\t<\/section>\n\t\t\t\t<\/div>\n\t\t","protected":false},"excerpt":{"rendered":"<p>Bem vindo!Siga os passos para solicitar seus dados. Para solicitar seus dados do aplicativo, abra o aplicativo, clique no menu inferior no \u00edcone\u00a0 &#8220;tr\u00eas bonequinos&#8220;, vai abrir a tela de controle de usu\u00e1rio e dependentes, clique no bot\u00e3o &#8220;Solicitar Dados&#8220;. Imediatamente o app vai gerar um relat\u00f3rio em PDF com os seus dados que armazenamos. [&hellip;]<\/p>\n","protected":false},"author":4,"featured_media":0,"parent":0,"menu_order":0,"comment_status":"closed","ping_status":"closed","template":"elementor_canvas","meta":{"_acf_changed":false,"footnotes":""},"class_list":["post-2438","page","type-page","status-publish","hentry"],"acf":[],"yoast_head":"<!-- This site is optimized with the Yoast SEO plugin v26.8 - https:\/\/yoast.com\/product\/yoast-seo-wordpress\/ -->\n<title>Control Health - Solicita\u00e7\u00e3o de dados - DS Develop - Sistemas Inteligentes<\/title>\n<meta name=\"robots\" content=\"index, follow, max-snippet:-1, max-image-preview:large, max-video-preview:-1\" \/>\n<link rel=\"canonical\" href=\"https:\/\/www.dsdevelop.com.br\/index.php\/control-health-solicitacao-de-dados\/\" \/>\n<meta property=\"og:locale\" content=\"pt_BR\" \/>\n<meta property=\"og:type\" content=\"article\" \/>\n<meta property=\"og:title\" content=\"Control Health - Solicita\u00e7\u00e3o de dados - DS Develop - Sistemas Inteligentes\" \/>\n<meta property=\"og:description\" content=\"Bem vindo!Siga os passos para solicitar seus dados. Para solicitar seus dados do aplicativo, abra o aplicativo, clique no menu inferior no \u00edcone\u00a0 &#8220;tr\u00eas bonequinos&#8220;, vai abrir a tela de controle de usu\u00e1rio e dependentes, clique no bot\u00e3o &#8220;Solicitar Dados&#8220;. Imediatamente o app vai gerar um relat\u00f3rio em PDF com os seus dados que armazenamos. [&hellip;]\" \/>\n<meta property=\"og:url\" content=\"https:\/\/www.dsdevelop.com.br\/index.php\/control-health-solicitacao-de-dados\/\" \/>\n<meta property=\"og:site_name\" content=\"DS Develop - Sistemas Inteligentes\" \/>\n<meta property=\"article:modified_time\" content=\"2025-03-06T12:32:48+00:00\" \/>\n<meta property=\"og:image\" content=\"https:\/\/www.dsdevelop.com.br\/wp-content\/uploads\/2025\/03\/nome_app.webp\" \/>\n\t<meta property=\"og:image:width\" content=\"681\" \/>\n\t<meta property=\"og:image:height\" content=\"238\" \/>\n\t<meta property=\"og:image:type\" content=\"image\/webp\" \/>\n<meta name=\"twitter:card\" content=\"summary_large_image\" \/>\n<meta name=\"twitter:label1\" content=\"Est. tempo de leitura\" \/>\n\t<meta name=\"twitter:data1\" content=\"1 minuto\" \/>\n<script type=\"application\/ld+json\" class=\"yoast-schema-graph\">{\"@context\":\"https:\/\/schema.org\",\"@graph\":[{\"@type\":\"WebPage\",\"@id\":\"https:\/\/www.dsdevelop.com.br\/index.php\/control-health-solicitacao-de-dados\/\",\"url\":\"https:\/\/www.dsdevelop.com.br\/index.php\/control-health-solicitacao-de-dados\/\",\"name\":\"Control Health - Solicita\u00e7\u00e3o de dados - DS Develop - Sistemas Inteligentes\",\"isPartOf\":{\"@id\":\"https:\/\/www.dsdevelop.com.br\/#website\"},\"primaryImageOfPage\":{\"@id\":\"https:\/\/www.dsdevelop.com.br\/index.php\/control-health-solicitacao-de-dados\/#primaryimage\"},\"image\":{\"@id\":\"https:\/\/www.dsdevelop.com.br\/index.php\/control-health-solicitacao-de-dados\/#primaryimage\"},\"thumbnailUrl\":\"https:\/\/www.dsdevelop.com.br\/wp-content\/uploads\/2025\/03\/nome_app.webp\",\"datePublished\":\"2025-03-06T12:21:40+00:00\",\"dateModified\":\"2025-03-06T12:32:48+00:00\",\"breadcrumb\":{\"@id\":\"https:\/\/www.dsdevelop.com.br\/index.php\/control-health-solicitacao-de-dados\/#breadcrumb\"},\"inLanguage\":\"pt-BR\",\"potentialAction\":[{\"@type\":\"ReadAction\",\"target\":[\"https:\/\/www.dsdevelop.com.br\/index.php\/control-health-solicitacao-de-dados\/\"]}]},{\"@type\":\"ImageObject\",\"inLanguage\":\"pt-BR\",\"@id\":\"https:\/\/www.dsdevelop.com.br\/index.php\/control-health-solicitacao-de-dados\/#primaryimage\",\"url\":\"https:\/\/www.dsdevelop.com.br\/wp-content\/uploads\/2025\/03\/nome_app.webp\",\"contentUrl\":\"https:\/\/www.dsdevelop.com.br\/wp-content\/uploads\/2025\/03\/nome_app.webp\",\"width\":681,\"height\":238},{\"@type\":\"BreadcrumbList\",\"@id\":\"https:\/\/www.dsdevelop.com.br\/index.php\/control-health-solicitacao-de-dados\/#breadcrumb\",\"itemListElement\":[{\"@type\":\"ListItem\",\"position\":1,\"name\":\"In\u00edcio\",\"item\":\"https:\/\/www.dsdevelop.com.br\/\"},{\"@type\":\"ListItem\",\"position\":2,\"name\":\"Control Health &#8211; Solicita\u00e7\u00e3o de dados\"}]},{\"@type\":\"WebSite\",\"@id\":\"https:\/\/www.dsdevelop.com.br\/#website\",\"url\":\"https:\/\/www.dsdevelop.com.br\/\",\"name\":\"DS Develop - Sistemas Inteligentes\",\"description\":\"Desenvolvimento de sistemas inteligentes.\",\"publisher\":{\"@id\":\"https:\/\/www.dsdevelop.com.br\/#organization\"},\"potentialAction\":[{\"@type\":\"SearchAction\",\"target\":{\"@type\":\"EntryPoint\",\"urlTemplate\":\"https:\/\/www.dsdevelop.com.br\/?s={search_term_string}\"},\"query-input\":{\"@type\":\"PropertyValueSpecification\",\"valueRequired\":true,\"valueName\":\"search_term_string\"}}],\"inLanguage\":\"pt-BR\"},{\"@type\":\"Organization\",\"@id\":\"https:\/\/www.dsdevelop.com.br\/#organization\",\"name\":\"DS Develop - Sistemas Inteligentes\",\"url\":\"https:\/\/www.dsdevelop.com.br\/\",\"logo\":{\"@type\":\"ImageObject\",\"inLanguage\":\"pt-BR\",\"@id\":\"https:\/\/www.dsdevelop.com.br\/#\/schema\/logo\/image\/\",\"url\":\"https:\/\/www.dsdevelop.com.br\/wp-content\/uploads\/2019\/12\/logo234.png\",\"contentUrl\":\"https:\/\/www.dsdevelop.com.br\/wp-content\/uploads\/2019\/12\/logo234.png\",\"width\":190,\"height\":38,\"caption\":\"DS Develop - Sistemas Inteligentes\"},\"image\":{\"@id\":\"https:\/\/www.dsdevelop.com.br\/#\/schema\/logo\/image\/\"}}]}<\/script>\n<!-- \/ Yoast SEO plugin. -->","yoast_head_json":{"title":"Control Health - Solicita\u00e7\u00e3o de dados - DS Develop - Sistemas Inteligentes","robots":{"index":"index","follow":"follow","max-snippet":"max-snippet:-1","max-image-preview":"max-image-preview:large","max-video-preview":"max-video-preview:-1"},"canonical":"https:\/\/www.dsdevelop.com.br\/index.php\/control-health-solicitacao-de-dados\/","og_locale":"pt_BR","og_type":"article","og_title":"Control Health - Solicita\u00e7\u00e3o de dados - DS Develop - Sistemas Inteligentes","og_description":"Bem vindo!Siga os passos para solicitar seus dados. Para solicitar seus dados do aplicativo, abra o aplicativo, clique no menu inferior no \u00edcone\u00a0 &#8220;tr\u00eas bonequinos&#8220;, vai abrir a tela de controle de usu\u00e1rio e dependentes, clique no bot\u00e3o &#8220;Solicitar Dados&#8220;. Imediatamente o app vai gerar um relat\u00f3rio em PDF com os seus dados que armazenamos. [&hellip;]","og_url":"https:\/\/www.dsdevelop.com.br\/index.php\/control-health-solicitacao-de-dados\/","og_site_name":"DS Develop - Sistemas Inteligentes","article_modified_time":"2025-03-06T12:32:48+00:00","og_image":[{"width":681,"height":238,"url":"https:\/\/www.dsdevelop.com.br\/wp-content\/uploads\/2025\/03\/nome_app.webp","type":"image\/webp"}],"twitter_card":"summary_large_image","twitter_misc":{"Est. tempo de leitura":"1 minuto"},"schema":{"@context":"https:\/\/schema.org","@graph":[{"@type":"WebPage","@id":"https:\/\/www.dsdevelop.com.br\/index.php\/control-health-solicitacao-de-dados\/","url":"https:\/\/www.dsdevelop.com.br\/index.php\/control-health-solicitacao-de-dados\/","name":"Control Health - Solicita\u00e7\u00e3o de dados - DS Develop - Sistemas Inteligentes","isPartOf":{"@id":"https:\/\/www.dsdevelop.com.br\/#website"},"primaryImageOfPage":{"@id":"https:\/\/www.dsdevelop.com.br\/index.php\/control-health-solicitacao-de-dados\/#primaryimage"},"image":{"@id":"https:\/\/www.dsdevelop.com.br\/index.php\/control-health-solicitacao-de-dados\/#primaryimage"},"thumbnailUrl":"https:\/\/www.dsdevelop.com.br\/wp-content\/uploads\/2025\/03\/nome_app.webp","datePublished":"2025-03-06T12:21:40+00:00","dateModified":"2025-03-06T12:32:48+00:00","breadcrumb":{"@id":"https:\/\/www.dsdevelop.com.br\/index.php\/control-health-solicitacao-de-dados\/#breadcrumb"},"inLanguage":"pt-BR","potentialAction":[{"@type":"ReadAction","target":["https:\/\/www.dsdevelop.com.br\/index.php\/control-health-solicitacao-de-dados\/"]}]},{"@type":"ImageObject","inLanguage":"pt-BR","@id":"https:\/\/www.dsdevelop.com.br\/index.php\/control-health-solicitacao-de-dados\/#primaryimage","url":"https:\/\/www.dsdevelop.com.br\/wp-content\/uploads\/2025\/03\/nome_app.webp","contentUrl":"https:\/\/www.dsdevelop.com.br\/wp-content\/uploads\/2025\/03\/nome_app.webp","width":681,"height":238},{"@type":"BreadcrumbList","@id":"https:\/\/www.dsdevelop.com.br\/index.php\/control-health-solicitacao-de-dados\/#breadcrumb","itemListElement":[{"@type":"ListItem","position":1,"name":"In\u00edcio","item":"https:\/\/www.dsdevelop.com.br\/"},{"@type":"ListItem","position":2,"name":"Control Health &#8211; Solicita\u00e7\u00e3o de dados"}]},{"@type":"WebSite","@id":"https:\/\/www.dsdevelop.com.br\/#website","url":"https:\/\/www.dsdevelop.com.br\/","name":"DS Develop - Sistemas Inteligentes","description":"Desenvolvimento de sistemas inteligentes.","publisher":{"@id":"https:\/\/www.dsdevelop.com.br\/#organization"},"potentialAction":[{"@type":"SearchAction","target":{"@type":"EntryPoint","urlTemplate":"https:\/\/www.dsdevelop.com.br\/?s={search_term_string}"},"query-input":{"@type":"PropertyValueSpecification","valueRequired":true,"valueName":"search_term_string"}}],"inLanguage":"pt-BR"},{"@type":"Organization","@id":"https:\/\/www.dsdevelop.com.br\/#organization","name":"DS Develop - Sistemas Inteligentes","url":"https:\/\/www.dsdevelop.com.br\/","logo":{"@type":"ImageObject","inLanguage":"pt-BR","@id":"https:\/\/www.dsdevelop.com.br\/#\/schema\/logo\/image\/","url":"https:\/\/www.dsdevelop.com.br\/wp-content\/uploads\/2019\/12\/logo234.png","contentUrl":"https:\/\/www.dsdevelop.com.br\/wp-content\/uploads\/2019\/12\/logo234.png","width":190,"height":38,"caption":"DS Develop - Sistemas Inteligentes"},"image":{"@id":"https:\/\/www.dsdevelop.com.br\/#\/schema\/logo\/image\/"}}]}},"_links":{"self":[{"href":"https:\/\/www.dsdevelop.com.br\/index.php\/wp-json\/wp\/v2\/pages\/2438","targetHints":{"allow":["GET"]}}],"collection":[{"href":"https:\/\/www.dsdevelop.com.br\/index.php\/wp-json\/wp\/v2\/pages"}],"about":[{"href":"https:\/\/www.dsdevelop.com.br\/index.php\/wp-json\/wp\/v2\/types\/page"}],"author":[{"embeddable":true,"href":"https:\/\/www.dsdevelop.com.br\/index.php\/wp-json\/wp\/v2\/users\/4"}],"replies":[{"embeddable":true,"href":"https:\/\/www.dsdevelop.com.br\/index.php\/wp-json\/wp\/v2\/comments?post=2438"}],"version-history":[{"count":10,"href":"https:\/\/www.dsdevelop.com.br\/index.php\/wp-json\/wp\/v2\/pages\/2438\/revisions"}],"predecessor-version":[{"id":2449,"href":"https:\/\/www.dsdevelop.com.br\/index.php\/wp-json\/wp\/v2\/pages\/2438\/revisions\/2449"}],"wp:attachment":[{"href":"https:\/\/www.dsdevelop.com.br\/index.php\/wp-json\/wp\/v2\/media?parent=2438"}],"curies":[{"name":"wp","href":"https:\/\/api.w.org\/{rel}","templated":true}]}}