 {"id":93,"date":"2017-10-24T19:23:59","date_gmt":"2017-10-24T21:23:59","guid":{"rendered":"https:\/\/www.dsdevelop.com.br\/?page_id=93"},"modified":"2019-02-13T19:24:34","modified_gmt":"2019-02-13T21:24:34","slug":"time-truck","status":"publish","type":"page","link":"https:\/\/www.dsdevelop.com.br\/index.php\/time-truck\/","title":{"rendered":"Time Truck"},"content":{"rendered":"<h5>Portugu\u00eas &#8211; Espanhol &#8211; Ingl\u00eas<\/h5>\n<p>O Time Truck tem como principal finalidade oferecer uma solu\u00e7\u00e3o para melhor aproveitamento operacional dentro do terminal de l\u00edquidos impedindo conflitos que causam atraso e ocupa\u00e7\u00e3o indevida de p\u00e1tio e rodovias.<\/p>\n<ul class=\"lista-topicos-produto\">\n<li>Automatiza processos gerenciais e operacionais;<\/li>\n<li>Aumenta e potencializa a produtividade;<\/li>\n<li>Oferece instrumentos que facilitam a gest\u00e3o;<\/li>\n<li>Expande a capacidade de atendimento;<\/li>\n<li>Melhora a rela\u00e7\u00e3o custo x tempo x opera\u00e7\u00e3o.<\/li>\n<\/ul>\n","protected":false},"excerpt":{"rendered":"<p>Portugu\u00eas &#8211; Espanhol &#8211; Ingl\u00eas O Time Truck tem como principal finalidade oferecer uma solu\u00e7\u00e3o para melhor aproveitamento operacional dentro do terminal de l\u00edquidos impedindo conflitos que causam atraso e ocupa\u00e7\u00e3o indevida de p\u00e1tio e rodovias. Automatiza processos gerenciais e operacionais; Aumenta e potencializa a produtividade; Oferece instrumentos que facilitam a gest\u00e3o; Expande a capacidade [&hellip;]<\/p>\n","protected":false},"author":4,"featured_media":0,"parent":0,"menu_order":0,"comment_status":"closed","ping_status":"closed","template":"produtos_post.php","meta":{"_acf_changed":false,"footnotes":""},"class_list":["post-93","page","type-page","status-publish","hentry"],"acf":[],"yoast_head":"<!-- This site is optimized with the Yoast SEO plugin v26.8 - https:\/\/yoast.com\/product\/yoast-seo-wordpress\/ -->\n<title>Time Truck - DS Develop - para Terminal de liquidos<\/title>\n<meta name=\"description\" content=\"Time Truck oferece uma solu\u00e7\u00e3o para melhor aproveitamento operacional dentro do terminal de l\u00edquidos impedindo conflitos que causam atraso e ocupa\u00e7\u00e3o indevida de p\u00e1tio e rodovias.\" \/>\n<meta name=\"robots\" content=\"index, follow, max-snippet:-1, max-image-preview:large, max-video-preview:-1\" \/>\n<link rel=\"canonical\" href=\"https:\/\/www.dsdevelop.com.br\/index.php\/time-truck\/\" \/>\n<meta property=\"og:locale\" content=\"pt_BR\" \/>\n<meta property=\"og:type\" content=\"article\" \/>\n<meta property=\"og:title\" content=\"Time Truck - DS Develop - para Terminal de liquidos\" \/>\n<meta property=\"og:description\" content=\"Time Truck oferece uma solu\u00e7\u00e3o para melhor aproveitamento operacional dentro do terminal de l\u00edquidos impedindo conflitos que causam atraso e ocupa\u00e7\u00e3o indevida de p\u00e1tio e rodovias.\" \/>\n<meta property=\"og:url\" content=\"https:\/\/www.dsdevelop.com.br\/index.php\/time-truck\/\" \/>\n<meta property=\"og:site_name\" content=\"DS Develop - Sistemas Inteligentes\" \/>\n<meta property=\"article:modified_time\" content=\"2019-02-13T21:24:34+00:00\" \/>\n<meta name=\"twitter:card\" content=\"summary_large_image\" \/>\n<script type=\"application\/ld+json\" class=\"yoast-schema-graph\">{\"@context\":\"https:\/\/schema.org\",\"@graph\":[{\"@type\":\"WebPage\",\"@id\":\"https:\/\/www.dsdevelop.com.br\/index.php\/time-truck\/\",\"url\":\"https:\/\/www.dsdevelop.com.br\/index.php\/time-truck\/\",\"name\":\"Time Truck - DS Develop - para Terminal de liquidos\",\"isPartOf\":{\"@id\":\"https:\/\/www.dsdevelop.com.br\/#website\"},\"datePublished\":\"2017-10-24T21:23:59+00:00\",\"dateModified\":\"2019-02-13T21:24:34+00:00\",\"description\":\"Time Truck oferece uma solu\u00e7\u00e3o para melhor aproveitamento operacional dentro do terminal de l\u00edquidos impedindo conflitos que causam atraso e ocupa\u00e7\u00e3o indevida de p\u00e1tio e rodovias.\",\"breadcrumb\":{\"@id\":\"https:\/\/www.dsdevelop.com.br\/index.php\/time-truck\/#breadcrumb\"},\"inLanguage\":\"pt-BR\",\"potentialAction\":[{\"@type\":\"ReadAction\",\"target\":[\"https:\/\/www.dsdevelop.com.br\/index.php\/time-truck\/\"]}]},{\"@type\":\"BreadcrumbList\",\"@id\":\"https:\/\/www.dsdevelop.com.br\/index.php\/time-truck\/#breadcrumb\",\"itemListElement\":[{\"@type\":\"ListItem\",\"position\":1,\"name\":\"In\u00edcio\",\"item\":\"https:\/\/www.dsdevelop.com.br\/\"},{\"@type\":\"ListItem\",\"position\":2,\"name\":\"Time Truck\"}]},{\"@type\":\"WebSite\",\"@id\":\"https:\/\/www.dsdevelop.com.br\/#website\",\"url\":\"https:\/\/www.dsdevelop.com.br\/\",\"name\":\"DS Develop - Sistemas Inteligentes\",\"description\":\"Desenvolvimento de sistemas inteligentes.\",\"publisher\":{\"@id\":\"https:\/\/www.dsdevelop.com.br\/#organization\"},\"potentialAction\":[{\"@type\":\"SearchAction\",\"target\":{\"@type\":\"EntryPoint\",\"urlTemplate\":\"https:\/\/www.dsdevelop.com.br\/?s={search_term_string}\"},\"query-input\":{\"@type\":\"PropertyValueSpecification\",\"valueRequired\":true,\"valueName\":\"search_term_string\"}}],\"inLanguage\":\"pt-BR\"},{\"@type\":\"Organization\",\"@id\":\"https:\/\/www.dsdevelop.com.br\/#organization\",\"name\":\"DS Develop - Sistemas Inteligentes\",\"url\":\"https:\/\/www.dsdevelop.com.br\/\",\"logo\":{\"@type\":\"ImageObject\",\"inLanguage\":\"pt-BR\",\"@id\":\"https:\/\/www.dsdevelop.com.br\/#\/schema\/logo\/image\/\",\"url\":\"https:\/\/www.dsdevelop.com.br\/wp-content\/uploads\/2019\/12\/logo234.png\",\"contentUrl\":\"https:\/\/www.dsdevelop.com.br\/wp-content\/uploads\/2019\/12\/logo234.png\",\"width\":190,\"height\":38,\"caption\":\"DS Develop - Sistemas Inteligentes\"},\"image\":{\"@id\":\"https:\/\/www.dsdevelop.com.br\/#\/schema\/logo\/image\/\"}}]}<\/script>\n<!-- \/ Yoast SEO plugin. -->","yoast_head_json":{"title":"Time Truck - DS Develop - para Terminal de liquidos","description":"Time Truck oferece uma solu\u00e7\u00e3o para melhor aproveitamento operacional dentro do terminal de l\u00edquidos impedindo conflitos que causam atraso e ocupa\u00e7\u00e3o indevida de p\u00e1tio e rodovias.","robots":{"index":"index","follow":"follow","max-snippet":"max-snippet:-1","max-image-preview":"max-image-preview:large","max-video-preview":"max-video-preview:-1"},"canonical":"https:\/\/www.dsdevelop.com.br\/index.php\/time-truck\/","og_locale":"pt_BR","og_type":"article","og_title":"Time Truck - DS Develop - para Terminal de liquidos","og_description":"Time Truck oferece uma solu\u00e7\u00e3o para melhor aproveitamento operacional dentro do terminal de l\u00edquidos impedindo conflitos que causam atraso e ocupa\u00e7\u00e3o indevida de p\u00e1tio e rodovias.","og_url":"https:\/\/www.dsdevelop.com.br\/index.php\/time-truck\/","og_site_name":"DS Develop - Sistemas Inteligentes","article_modified_time":"2019-02-13T21:24:34+00:00","twitter_card":"summary_large_image","schema":{"@context":"https:\/\/schema.org","@graph":[{"@type":"WebPage","@id":"https:\/\/www.dsdevelop.com.br\/index.php\/time-truck\/","url":"https:\/\/www.dsdevelop.com.br\/index.php\/time-truck\/","name":"Time Truck - DS Develop - para Terminal de liquidos","isPartOf":{"@id":"https:\/\/www.dsdevelop.com.br\/#website"},"datePublished":"2017-10-24T21:23:59+00:00","dateModified":"2019-02-13T21:24:34+00:00","description":"Time Truck oferece uma solu\u00e7\u00e3o para melhor aproveitamento operacional dentro do terminal de l\u00edquidos impedindo conflitos que causam atraso e ocupa\u00e7\u00e3o indevida de p\u00e1tio e rodovias.","breadcrumb":{"@id":"https:\/\/www.dsdevelop.com.br\/index.php\/time-truck\/#breadcrumb"},"inLanguage":"pt-BR","potentialAction":[{"@type":"ReadAction","target":["https:\/\/www.dsdevelop.com.br\/index.php\/time-truck\/"]}]},{"@type":"BreadcrumbList","@id":"https:\/\/www.dsdevelop.com.br\/index.php\/time-truck\/#breadcrumb","itemListElement":[{"@type":"ListItem","position":1,"name":"In\u00edcio","item":"https:\/\/www.dsdevelop.com.br\/"},{"@type":"ListItem","position":2,"name":"Time Truck"}]},{"@type":"WebSite","@id":"https:\/\/www.dsdevelop.com.br\/#website","url":"https:\/\/www.dsdevelop.com.br\/","name":"DS Develop - Sistemas Inteligentes","description":"Desenvolvimento de sistemas inteligentes.","publisher":{"@id":"https:\/\/www.dsdevelop.com.br\/#organization"},"potentialAction":[{"@type":"SearchAction","target":{"@type":"EntryPoint","urlTemplate":"https:\/\/www.dsdevelop.com.br\/?s={search_term_string}"},"query-input":{"@type":"PropertyValueSpecification","valueRequired":true,"valueName":"search_term_string"}}],"inLanguage":"pt-BR"},{"@type":"Organization","@id":"https:\/\/www.dsdevelop.com.br\/#organization","name":"DS Develop - Sistemas Inteligentes","url":"https:\/\/www.dsdevelop.com.br\/","logo":{"@type":"ImageObject","inLanguage":"pt-BR","@id":"https:\/\/www.dsdevelop.com.br\/#\/schema\/logo\/image\/","url":"https:\/\/www.dsdevelop.com.br\/wp-content\/uploads\/2019\/12\/logo234.png","contentUrl":"https:\/\/www.dsdevelop.com.br\/wp-content\/uploads\/2019\/12\/logo234.png","width":190,"height":38,"caption":"DS Develop - Sistemas Inteligentes"},"image":{"@id":"https:\/\/www.dsdevelop.com.br\/#\/schema\/logo\/image\/"}}]}},"_links":{"self":[{"href":"https:\/\/www.dsdevelop.com.br\/index.php\/wp-json\/wp\/v2\/pages\/93","targetHints":{"allow":["GET"]}}],"collection":[{"href":"https:\/\/www.dsdevelop.com.br\/index.php\/wp-json\/wp\/v2\/pages"}],"about":[{"href":"https:\/\/www.dsdevelop.com.br\/index.php\/wp-json\/wp\/v2\/types\/page"}],"author":[{"embeddable":true,"href":"https:\/\/www.dsdevelop.com.br\/index.php\/wp-json\/wp\/v2\/users\/4"}],"replies":[{"embeddable":true,"href":"https:\/\/www.dsdevelop.com.br\/index.php\/wp-json\/wp\/v2\/comments?post=93"}],"version-history":[{"count":1,"href":"https:\/\/www.dsdevelop.com.br\/index.php\/wp-json\/wp\/v2\/pages\/93\/revisions"}],"predecessor-version":[{"id":98,"href":"https:\/\/www.dsdevelop.com.br\/index.php\/wp-json\/wp\/v2\/pages\/93\/revisions\/98"}],"wp:attachment":[{"href":"https:\/\/www.dsdevelop.com.br\/index.php\/wp-json\/wp\/v2\/media?parent=93"}],"curies":[{"name":"wp","href":"https:\/\/api.w.org\/{rel}","templated":true}]}}